{"id":4612,"date":"2022-12-19T22:48:16","date_gmt":"2022-12-19T21:48:16","guid":{"rendered":"https:\/\/www.recapofthestreets.eu\/?page_id=4612"},"modified":"2023-01-18T21:04:48","modified_gmt":"2023-01-18T20:04:48","slug":"basketball-prague-games-2022","status":"publish","type":"page","link":"https:\/\/www.recapofthestreets.eu\/index.php\/home\/stories\/basketball-prague-games-2022\/","title":{"rendered":"Basketball Prague Games 2022"},"content":{"rendered":"\t\t<div data-elementor-type=\"wp-page\" data-elementor-id=\"4612\" class=\"elementor elementor-4612\" data-elementor-settings=\"[]\">\n\t\t\t\t\t\t\t<div class=\"elementor-section-wrap\">\n\t\t\t\t\t\t\t<section class=\"elementor-section elementor-top-section elementor-element elementor-element-9e71a17 elementor-section-full_width elementor-section-height-min-height elementor-section-height-default elementor-section-items-middle\" data-id=\"9e71a17\" data-element_type=\"section\" data-settings=\"{&quot;background_background&quot;:&quot;classic&quot;}\">\n\t\t\t\t\t\t\t<div class=\"elementor-background-overlay\"><\/div>\n\t\t\t\t\t\t\t<div class=\"elementor-container elementor-column-gap-default\">\n\t\t\t\t\t<div class=\"elementor-column elementor-col-100 elementor-top-column elementor-element elementor-element-aca2c39\" data-id=\"aca2c39\" data-element_type=\"column\">\n\t\t\t<div class=\"elementor-widget-wrap elementor-element-populated\">\n\t\t\t\t\t\t\t\t<div class=\"elementor-element elementor-element-cc55e9f elementor-widget elementor-widget-heading\" data-id=\"cc55e9f\" data-element_type=\"widget\" data-widget_type=\"heading.default\">\n\t\t\t\t<div class=\"elementor-widget-container\">\n\t\t\t<h2 class=\"elementor-heading-title elementor-size-default\">Basketball Prague Games 2022<\/h2>\t\t<\/div>\n\t\t\t\t<\/div>\n\t\t\t\t\t<\/div>\n\t\t<\/div>\n\t\t\t\t\t\t\t<\/div>\n\t\t<\/section>\n\t\t\t\t<section class=\"elementor-section elementor-top-section elementor-element elementor-element-f8a9f23 elementor-section-full_width elementor-section-height-default elementor-section-height-default\" data-id=\"f8a9f23\" data-element_type=\"section\" data-settings=\"{&quot;background_background&quot;:&quot;classic&quot;}\">\n\t\t\t\t\t\t<div class=\"elementor-container elementor-column-gap-default\">\n\t\t\t\t\t<div class=\"elementor-column elementor-col-100 elementor-top-column elementor-element elementor-element-20d5bf8\" data-id=\"20d5bf8\" data-element_type=\"column\" data-settings=\"{&quot;background_background&quot;:&quot;classic&quot;}\">\n\t\t\t<div class=\"elementor-widget-wrap elementor-element-populated\">\n\t\t\t\t\t<div class=\"elementor-background-overlay\"><\/div>\n\t\t\t\t\t\t\t\t<div class=\"elementor-element elementor-element-2afbade elementor-widget elementor-widget-heading\" data-id=\"2afbade\" data-element_type=\"widget\" data-widget_type=\"heading.default\">\n\t\t\t\t<div class=\"elementor-widget-container\">\n\t\t\t<h2 class=\"elementor-heading-title elementor-size-default\">The Youth Tournament<\/h2>\t\t<\/div>\n\t\t\t\t<\/div>\n\t\t\t\t<div class=\"elementor-element elementor-element-5437c6b elementor-widget elementor-widget-text-editor\" data-id=\"5437c6b\" data-element_type=\"widget\" data-widget_type=\"text-editor.default\">\n\t\t\t\t<div class=\"elementor-widget-container\">\n\t\t\t\t\t\t\t<p>A new international youth basketball tournament for all categories in the heart of Europe, in Prague. There are 7 categories from 11 to 19 years old for girls and boys. The final day will take place in the nicest basketball hall in Prague, the hall in Kr\u00e1lovka. The Streets was part of this youth development activity and contributed in prizes for each winning category.<\/p>\t\t\t\t\t\t<\/div>\n\t\t\t\t<\/div>\n\t\t\t\t\t<\/div>\n\t\t<\/div>\n\t\t\t\t\t\t\t<\/div>\n\t\t<\/section>\n\t\t\t\t<section class=\"elementor-section elementor-top-section elementor-element elementor-element-96319e6 elementor-section-full_width elementor-section-height-default elementor-section-height-default\" data-id=\"96319e6\" data-element_type=\"section\" data-settings=\"{&quot;background_background&quot;:&quot;classic&quot;}\">\n\t\t\t\t\t\t<div class=\"elementor-container elementor-column-gap-default\">\n\t\t\t\t\t<div class=\"elementor-column elementor-col-100 elementor-top-column elementor-element elementor-element-b51be1b\" data-id=\"b51be1b\" data-element_type=\"column\" data-settings=\"{&quot;background_background&quot;:&quot;classic&quot;}\">\n\t\t\t<div class=\"elementor-widget-wrap elementor-element-populated\">\n\t\t\t\t\t<div class=\"elementor-background-overlay\"><\/div>\n\t\t\t\t\t\t\t\t<div class=\"elementor-element elementor-element-83d3254 elementor-widget elementor-widget-heading\" data-id=\"83d3254\" data-element_type=\"widget\" data-widget_type=\"heading.default\">\n\t\t\t\t<div class=\"elementor-widget-container\">\n\t\t\t<h2 class=\"elementor-heading-title elementor-size-default\">Photogallery<\/h2>\t\t<\/div>\n\t\t\t\t<\/div>\n\t\t\t\t\t<\/div>\n\t\t<\/div>\n\t\t\t\t\t\t\t<\/div>\n\t\t<\/section>\n\t\t\t\t<section class=\"elementor-section elementor-top-section elementor-element elementor-element-4168ed9 elementor-section-boxed elementor-section-height-default elementor-section-height-default\" data-id=\"4168ed9\" data-element_type=\"section\">\n\t\t\t\t\t\t<div class=\"elementor-container elementor-column-gap-default\">\n\t\t\t\t\t<div class=\"elementor-column elementor-col-100 elementor-top-column elementor-element elementor-element-ebfe1f4\" data-id=\"ebfe1f4\" data-element_type=\"column\">\n\t\t\t<div class=\"elementor-widget-wrap elementor-element-populated\">\n\t\t\t\t\t\t\t\t<div class=\"elementor-element elementor-element-140bd77 elementor-widget elementor-widget-gallery\" data-id=\"140bd77\" data-element_type=\"widget\" data-settings=\"{&quot;aspect_ratio&quot;:&quot;1:1&quot;,&quot;columns_mobile&quot;:3,&quot;columns&quot;:3,&quot;gallery_layout&quot;:&quot;grid&quot;,&quot;columns_tablet&quot;:2,&quot;gap&quot;:{&quot;unit&quot;:&quot;px&quot;,&quot;size&quot;:10,&quot;sizes&quot;:[]},&quot;gap_tablet&quot;:{&quot;unit&quot;:&quot;px&quot;,&quot;size&quot;:10,&quot;sizes&quot;:[]},&quot;gap_mobile&quot;:{&quot;unit&quot;:&quot;px&quot;,&quot;size&quot;:10,&quot;sizes&quot;:[]},&quot;link_to&quot;:&quot;file&quot;,&quot;overlay_background&quot;:&quot;yes&quot;,&quot;content_hover_animation&quot;:&quot;fade-in&quot;}\" data-widget_type=\"gallery.default\">\n\t\t\t\t<div class=\"elementor-widget-container\">\n\t\t\t\t\t<div class=\"elementor-gallery__container\">\n\t\t\t\t\t\t\t<a class=\"e-gallery-item elementor-gallery-item elementor-animated-content\" href=\"https:\/\/www.recapofthestreets.eu\/wp-content\/uploads\/2022\/12\/Screenshot-2022-12-19-at-22.43.56.png\" data-elementor-open-lightbox=\"yes\" data-elementor-lightbox-slideshow=\"all-140bd77\">\n\t\t\t\t\t<div class=\"e-gallery-image elementor-gallery-item__image\" data-thumbnail=\"https:\/\/www.recapofthestreets.eu\/wp-content\/uploads\/2022\/12\/Screenshot-2022-12-19-at-22.43.56-1020x1024.png\" data-width=\"750\" data-height=\"753\" alt=\"Basketball Prague Games the streets\" ><\/div>\n\t\t\t\t\t\t\t\t\t\t<div class=\"elementor-gallery-item__overlay\"><\/div>\n\t\t\t\t\t\t\t\t\t\t\t\t\t\t<\/a>\n\t\t\t\t\t\t\t<a class=\"e-gallery-item elementor-gallery-item elementor-animated-content\" href=\"https:\/\/www.recapofthestreets.eu\/wp-content\/uploads\/2022\/12\/Screenshot-2022-12-19-at-22.44.08.png\" data-elementor-open-lightbox=\"yes\" data-elementor-lightbox-slideshow=\"all-140bd77\">\n\t\t\t\t\t<div class=\"e-gallery-image elementor-gallery-item__image\" data-thumbnail=\"https:\/\/www.recapofthestreets.eu\/wp-content\/uploads\/2022\/12\/Screenshot-2022-12-19-at-22.44.08-974x1024.png\" data-width=\"750\" data-height=\"789\" alt=\"Basketball Prague Games the streets\" ><\/div>\n\t\t\t\t\t\t\t\t\t\t<div class=\"elementor-gallery-item__overlay\"><\/div>\n\t\t\t\t\t\t\t\t\t\t\t\t\t\t<\/a>\n\t\t\t\t\t\t\t<a class=\"e-gallery-item elementor-gallery-item elementor-animated-content\" href=\"https:\/\/www.recapofthestreets.eu\/wp-content\/uploads\/2022\/12\/Screenshot-2022-12-19-at-22.44.18.png\" data-elementor-open-lightbox=\"yes\" data-elementor-lightbox-slideshow=\"all-140bd77\">\n\t\t\t\t\t<div class=\"e-gallery-image elementor-gallery-item__image\" data-thumbnail=\"https:\/\/www.recapofthestreets.eu\/wp-content\/uploads\/2022\/12\/Screenshot-2022-12-19-at-22.44.18-984x1024.png\" data-width=\"750\" data-height=\"780\" alt=\"Basketball Prague Games the streets\" ><\/div>\n\t\t\t\t\t\t\t\t\t\t<div class=\"elementor-gallery-item__overlay\"><\/div>\n\t\t\t\t\t\t\t\t\t\t\t\t\t\t<\/a>\n\t\t\t\t\t\t\t<a class=\"e-gallery-item elementor-gallery-item elementor-animated-content\" href=\"https:\/\/www.recapofthestreets.eu\/wp-content\/uploads\/2022\/12\/Screenshot-2022-12-19-at-22.44.27.png\" data-elementor-open-lightbox=\"yes\" data-elementor-lightbox-slideshow=\"all-140bd77\">\n\t\t\t\t\t<div class=\"e-gallery-image elementor-gallery-item__image\" data-thumbnail=\"https:\/\/www.recapofthestreets.eu\/wp-content\/uploads\/2022\/12\/Screenshot-2022-12-19-at-22.44.27-977x1024.png\" data-width=\"750\" data-height=\"786\" alt=\"Basketball Prague Games the streets\" ><\/div>\n\t\t\t\t\t\t\t\t\t\t<div class=\"elementor-gallery-item__overlay\"><\/div>\n\t\t\t\t\t\t\t\t\t\t\t\t\t\t<\/a>\n\t\t\t\t\t\t\t<a class=\"e-gallery-item elementor-gallery-item elementor-animated-content\" href=\"https:\/\/www.recapofthestreets.eu\/wp-content\/uploads\/2022\/12\/Screenshot-2022-12-19-at-22.44.37.png\" data-elementor-open-lightbox=\"yes\" data-elementor-lightbox-slideshow=\"all-140bd77\">\n\t\t\t\t\t<div class=\"e-gallery-image elementor-gallery-item__image\" data-thumbnail=\"https:\/\/www.recapofthestreets.eu\/wp-content\/uploads\/2022\/12\/Screenshot-2022-12-19-at-22.44.37-975x1024.png\" data-width=\"750\" data-height=\"788\" alt=\"Basketball Prague Games the streets\" ><\/div>\n\t\t\t\t\t\t\t\t\t\t<div class=\"elementor-gallery-item__overlay\"><\/div>\n\t\t\t\t\t\t\t\t\t\t\t\t\t\t<\/a>\n\t\t\t\t\t\t\t<a class=\"e-gallery-item elementor-gallery-item elementor-animated-content\" href=\"https:\/\/www.recapofthestreets.eu\/wp-content\/uploads\/2022\/12\/Screenshot-2022-12-19-at-22.44.47.png\" data-elementor-open-lightbox=\"yes\" data-elementor-lightbox-slideshow=\"all-140bd77\">\n\t\t\t\t\t<div class=\"e-gallery-image elementor-gallery-item__image\" data-thumbnail=\"https:\/\/www.recapofthestreets.eu\/wp-content\/uploads\/2022\/12\/Screenshot-2022-12-19-at-22.44.47-1003x1024.png\" data-width=\"750\" data-height=\"766\" alt=\"Basketball Prague Games the streets\" ><\/div>\n\t\t\t\t\t\t\t\t\t\t<div class=\"elementor-gallery-item__overlay\"><\/div>\n\t\t\t\t\t\t\t\t\t\t\t\t\t\t<\/a>\n\t\t\t\t\t<\/div>\n\t\t\t<\/div>\n\t\t\t\t<\/div>\n\t\t\t\t\t<\/div>\n\t\t<\/div>\n\t\t\t\t\t\t\t<\/div>\n\t\t<\/section>\n\t\t\t\t\t\t<\/div>\n\t\t\t\t\t<\/div>\n\t\t","protected":false},"excerpt":{"rendered":"<p>Basketball Prague Games 2022 The Youth Tournament A new international youth basketball tournament for all categories in the heart of Europe, in Prague. There are 7 categories from 11 to 19 years old for girls and boys. The final day will take place in the nicest basketball hall in Prague, the hall in Kr\u00e1lovka. The&hellip; <a class=\"more-link\" href=\"https:\/\/www.recapofthestreets.eu\/index.php\/home\/stories\/basketball-prague-games-2022\/\">Pokra\u010dova\u0165 v \u010d\u00edtan\u00ed <span class=\"screen-reader-text\">Basketball Prague Games 2022<\/span><\/a><\/p>\n","protected":false},"author":1,"featured_media":0,"parent":81,"menu_order":0,"comment_status":"closed","ping_status":"closed","template":"elementor_header_footer","meta":{"footnotes":""},"class_list":["post-4612","page","type-page","status-publish","hentry","entry"],"_links":{"self":[{"href":"https:\/\/www.recapofthestreets.eu\/index.php\/wp-json\/wp\/v2\/pages\/4612","targetHints":{"allow":["GET"]}}],"collection":[{"href":"https:\/\/www.recapofthestreets.eu\/index.php\/wp-json\/wp\/v2\/pages"}],"about":[{"href":"https:\/\/www.recapofthestreets.eu\/index.php\/wp-json\/wp\/v2\/types\/page"}],"author":[{"embeddable":true,"href":"https:\/\/www.recapofthestreets.eu\/index.php\/wp-json\/wp\/v2\/users\/1"}],"replies":[{"embeddable":true,"href":"https:\/\/www.recapofthestreets.eu\/index.php\/wp-json\/wp\/v2\/comments?post=4612"}],"version-history":[{"count":10,"href":"https:\/\/www.recapofthestreets.eu\/index.php\/wp-json\/wp\/v2\/pages\/4612\/revisions"}],"predecessor-version":[{"id":4640,"href":"https:\/\/www.recapofthestreets.eu\/index.php\/wp-json\/wp\/v2\/pages\/4612\/revisions\/4640"}],"up":[{"embeddable":true,"href":"https:\/\/www.recapofthestreets.eu\/index.php\/wp-json\/wp\/v2\/pages\/81"}],"wp:attachment":[{"href":"https:\/\/www.recapofthestreets.eu\/index.php\/wp-json\/wp\/v2\/media?parent=4612"}],"curies":[{"name":"wp","href":"https:\/\/api.w.org\/{rel}","templated":true}]}}