{"id":4501,"date":"2022-12-15T23:11:37","date_gmt":"2022-12-15T22:11:37","guid":{"rendered":"https:\/\/www.recapofthestreets.eu\/?page_id=4501"},"modified":"2023-03-28T18:53:35","modified_gmt":"2023-03-28T16:53:35","slug":"streetball-petrzalka","status":"publish","type":"page","link":"https:\/\/www.recapofthestreets.eu\/index.php\/home\/stories\/streetball-petrzalka\/","title":{"rendered":"Streetball Petr\u017ealka"},"content":{"rendered":"\t\t<div data-elementor-type=\"wp-page\" data-elementor-id=\"4501\" class=\"elementor elementor-4501\" data-elementor-settings=\"[]\">\n\t\t\t\t\t\t\t<div class=\"elementor-section-wrap\">\n\t\t\t\t\t\t\t<section class=\"elementor-section elementor-top-section elementor-element elementor-element-3a6ec51 elementor-section-full_width elementor-section-height-min-height elementor-section-height-default elementor-section-items-middle\" data-id=\"3a6ec51\" data-element_type=\"section\" data-settings=\"{&quot;background_background&quot;:&quot;classic&quot;}\">\n\t\t\t\t\t\t\t<div class=\"elementor-background-overlay\"><\/div>\n\t\t\t\t\t\t\t<div class=\"elementor-container elementor-column-gap-default\">\n\t\t\t\t\t<div class=\"elementor-column elementor-col-100 elementor-top-column elementor-element elementor-element-42ad8d5\" data-id=\"42ad8d5\" data-element_type=\"column\">\n\t\t\t<div class=\"elementor-widget-wrap elementor-element-populated\">\n\t\t\t\t\t\t\t\t<div class=\"elementor-element elementor-element-5dd7e24 elementor-widget elementor-widget-heading\" data-id=\"5dd7e24\" data-element_type=\"widget\" data-widget_type=\"heading.default\">\n\t\t\t\t<div class=\"elementor-widget-container\">\n\t\t\t<h2 class=\"elementor-heading-title elementor-size-default\">Streetball Petr\u017ealka<\/h2>\t\t<\/div>\n\t\t\t\t<\/div>\n\t\t\t\t\t<\/div>\n\t\t<\/div>\n\t\t\t\t\t\t\t<\/div>\n\t\t<\/section>\n\t\t\t\t<section class=\"elementor-section elementor-top-section elementor-element elementor-element-ee01f4a elementor-section-full_width elementor-section-height-default elementor-section-height-default\" data-id=\"ee01f4a\" data-element_type=\"section\" data-settings=\"{&quot;background_background&quot;:&quot;classic&quot;}\">\n\t\t\t\t\t\t<div class=\"elementor-container elementor-column-gap-default\">\n\t\t\t\t\t<div class=\"elementor-column elementor-col-100 elementor-top-column elementor-element elementor-element-06f669b\" data-id=\"06f669b\" data-element_type=\"column\" data-settings=\"{&quot;background_background&quot;:&quot;classic&quot;}\">\n\t\t\t<div class=\"elementor-widget-wrap elementor-element-populated\">\n\t\t\t\t\t<div class=\"elementor-background-overlay\"><\/div>\n\t\t\t\t\t\t\t\t<div class=\"elementor-element elementor-element-47b4c15 elementor-widget elementor-widget-heading\" data-id=\"47b4c15\" data-element_type=\"widget\" data-widget_type=\"heading.default\">\n\t\t\t\t<div class=\"elementor-widget-container\">\n\t\t\t<h2 class=\"elementor-heading-title elementor-size-default\">The Event<\/h2>\t\t<\/div>\n\t\t\t\t<\/div>\n\t\t\t\t<div class=\"elementor-element elementor-element-fee5697 elementor-widget elementor-widget-text-editor\" data-id=\"fee5697\" data-element_type=\"widget\" data-widget_type=\"text-editor.default\">\n\t\t\t\t<div class=\"elementor-widget-container\">\n\t\t\t\t\t\t\t<p>In cooperation with the playground project we organized Streetball on a playground in Petr\u017ealka, one of Bratislava&#8217;s districts. This court is mainly known for the legendary hip-hop crew H16, who of course had their concert there. We gave all the players at the tournament a custom t-shirt created for the day of the event and for the winners we prepared products from our catalogue.<\/p>\t\t\t\t\t\t<\/div>\n\t\t\t\t<\/div>\n\t\t\t\t\t<\/div>\n\t\t<\/div>\n\t\t\t\t\t\t\t<\/div>\n\t\t<\/section>\n\t\t\t\t<section class=\"elementor-section elementor-top-section elementor-element elementor-element-c487ff7 elementor-section-boxed elementor-section-height-default elementor-section-height-default\" data-id=\"c487ff7\" data-element_type=\"section\">\n\t\t\t\t\t\t<div class=\"elementor-container elementor-column-gap-default\">\n\t\t\t\t\t<div class=\"elementor-column elementor-col-100 elementor-top-column elementor-element elementor-element-1fe9b78\" data-id=\"1fe9b78\" data-element_type=\"column\">\n\t\t\t<div class=\"elementor-widget-wrap elementor-element-populated\">\n\t\t\t\t\t\t\t\t<div class=\"elementor-element elementor-element-afd64ae elementor-aspect-ratio-916 elementor-widget elementor-widget-video\" data-id=\"afd64ae\" data-element_type=\"widget\" data-settings=\"{&quot;mute&quot;:&quot;yes&quot;,&quot;loop&quot;:&quot;yes&quot;,&quot;video_type&quot;:&quot;hosted&quot;,&quot;aspect_ratio&quot;:&quot;916&quot;,&quot;controls&quot;:&quot;yes&quot;}\" data-widget_type=\"video.default\">\n\t\t\t\t<div class=\"elementor-widget-container\">\n\t\t\t\t\t<div class=\"e-hosted-video elementor-wrapper elementor-fit-aspect-ratio elementor-open-inline\">\n\t\t\t\t\t<video class=\"elementor-video\" src=\"https:\/\/www.recapofthestreets.eu\/wp-content\/uploads\/2022\/12\/10000000_6341918222502968_3293966628434857865_n.mp4\" loop=\"\" controls=\"\" muted=\"muted\" controlsList=\"nodownload\"><\/video>\n\t\t\t\t<\/div>\n\t\t\t\t<\/div>\n\t\t\t\t<\/div>\n\t\t\t\t\t<\/div>\n\t\t<\/div>\n\t\t\t\t\t\t\t<\/div>\n\t\t<\/section>\n\t\t\t\t<section class=\"elementor-section elementor-top-section elementor-element elementor-element-90012fb elementor-section-full_width elementor-section-height-default elementor-section-height-default\" data-id=\"90012fb\" data-element_type=\"section\" data-settings=\"{&quot;background_background&quot;:&quot;classic&quot;}\">\n\t\t\t\t\t\t<div class=\"elementor-container elementor-column-gap-default\">\n\t\t\t\t\t<div class=\"elementor-column elementor-col-100 elementor-top-column elementor-element elementor-element-b1372e9\" data-id=\"b1372e9\" data-element_type=\"column\" data-settings=\"{&quot;background_background&quot;:&quot;classic&quot;}\">\n\t\t\t<div class=\"elementor-widget-wrap elementor-element-populated\">\n\t\t\t\t\t<div class=\"elementor-background-overlay\"><\/div>\n\t\t\t\t\t\t\t\t<div class=\"elementor-element elementor-element-0597984 elementor-widget elementor-widget-heading\" data-id=\"0597984\" data-element_type=\"widget\" data-widget_type=\"heading.default\">\n\t\t\t\t<div class=\"elementor-widget-container\">\n\t\t\t<h2 class=\"elementor-heading-title elementor-size-default\">Photogallery<\/h2>\t\t<\/div>\n\t\t\t\t<\/div>\n\t\t\t\t\t<\/div>\n\t\t<\/div>\n\t\t\t\t\t\t\t<\/div>\n\t\t<\/section>\n\t\t\t\t<section class=\"elementor-section elementor-top-section elementor-element elementor-element-8cf37ef elementor-section-boxed elementor-section-height-default elementor-section-height-default\" data-id=\"8cf37ef\" data-element_type=\"section\">\n\t\t\t\t\t\t<div class=\"elementor-container elementor-column-gap-default\">\n\t\t\t\t\t<div class=\"elementor-column elementor-col-100 elementor-top-column elementor-element elementor-element-d95c2b8\" data-id=\"d95c2b8\" data-element_type=\"column\">\n\t\t\t<div class=\"elementor-widget-wrap elementor-element-populated\">\n\t\t\t\t\t\t\t\t<div class=\"elementor-element elementor-element-65148c6 elementor-widget elementor-widget-gallery\" data-id=\"65148c6\" data-element_type=\"widget\" data-settings=\"{&quot;aspect_ratio&quot;:&quot;1:1&quot;,&quot;columns_mobile&quot;:3,&quot;columns&quot;:3,&quot;gallery_layout&quot;:&quot;grid&quot;,&quot;columns_tablet&quot;:2,&quot;gap&quot;:{&quot;unit&quot;:&quot;px&quot;,&quot;size&quot;:10,&quot;sizes&quot;:[]},&quot;gap_tablet&quot;:{&quot;unit&quot;:&quot;px&quot;,&quot;size&quot;:10,&quot;sizes&quot;:[]},&quot;gap_mobile&quot;:{&quot;unit&quot;:&quot;px&quot;,&quot;size&quot;:10,&quot;sizes&quot;:[]},&quot;link_to&quot;:&quot;file&quot;,&quot;overlay_background&quot;:&quot;yes&quot;,&quot;content_hover_animation&quot;:&quot;fade-in&quot;}\" data-widget_type=\"gallery.default\">\n\t\t\t\t<div class=\"elementor-widget-container\">\n\t\t\t\t\t<div class=\"elementor-gallery__container\">\n\t\t\t\t\t\t\t<a class=\"e-gallery-item elementor-gallery-item elementor-animated-content\" href=\"https:\/\/www.recapofthestreets.eu\/wp-content\/uploads\/2022\/12\/Screenshot-2022-12-15-at-23.18.52.png\" data-elementor-open-lightbox=\"yes\" data-elementor-lightbox-slideshow=\"all-65148c6\">\n\t\t\t\t\t<div class=\"e-gallery-image elementor-gallery-item__image\" data-thumbnail=\"https:\/\/www.recapofthestreets.eu\/wp-content\/uploads\/2022\/12\/Screenshot-2022-12-15-at-23.18.52-975x1024.png\" data-width=\"750\" data-height=\"788\" alt=\"Streetball Petr\u017ealka the streets\" ><\/div>\n\t\t\t\t\t\t\t\t\t\t<div class=\"elementor-gallery-item__overlay\"><\/div>\n\t\t\t\t\t\t\t\t\t\t\t\t\t\t<\/a>\n\t\t\t\t\t\t\t<a class=\"e-gallery-item elementor-gallery-item elementor-animated-content\" href=\"https:\/\/www.recapofthestreets.eu\/wp-content\/uploads\/2022\/12\/Screenshot-2022-12-15-at-23.18.32.png\" data-elementor-open-lightbox=\"yes\" data-elementor-lightbox-slideshow=\"all-65148c6\">\n\t\t\t\t\t<div class=\"e-gallery-image elementor-gallery-item__image\" data-thumbnail=\"https:\/\/www.recapofthestreets.eu\/wp-content\/uploads\/2022\/12\/Screenshot-2022-12-15-at-23.18.32-981x1024.png\" data-width=\"750\" data-height=\"783\" alt=\"Streetball Petr\u017ealka the streets\" ><\/div>\n\t\t\t\t\t\t\t\t\t\t<div class=\"elementor-gallery-item__overlay\"><\/div>\n\t\t\t\t\t\t\t\t\t\t\t\t\t\t<\/a>\n\t\t\t\t\t\t\t<a class=\"e-gallery-item elementor-gallery-item elementor-animated-content\" href=\"https:\/\/www.recapofthestreets.eu\/wp-content\/uploads\/2022\/12\/Screenshot-2022-12-15-at-23.18.03.png\" data-elementor-open-lightbox=\"yes\" data-elementor-lightbox-slideshow=\"all-65148c6\">\n\t\t\t\t\t<div class=\"e-gallery-image elementor-gallery-item__image\" data-thumbnail=\"https:\/\/www.recapofthestreets.eu\/wp-content\/uploads\/2022\/12\/Screenshot-2022-12-15-at-23.18.03-954x1024.png\" data-width=\"750\" data-height=\"805\" alt=\"Streetball Petr\u017ealka the streets\" ><\/div>\n\t\t\t\t\t\t\t\t\t\t<div class=\"elementor-gallery-item__overlay\"><\/div>\n\t\t\t\t\t\t\t\t\t\t\t\t\t\t<\/a>\n\t\t\t\t\t\t\t<a class=\"e-gallery-item elementor-gallery-item elementor-animated-content\" href=\"https:\/\/www.recapofthestreets.eu\/wp-content\/uploads\/2022\/12\/Screenshot-2022-12-15-at-23.18.21.png\" data-elementor-open-lightbox=\"yes\" data-elementor-lightbox-slideshow=\"all-65148c6\">\n\t\t\t\t\t<div class=\"e-gallery-image elementor-gallery-item__image\" data-thumbnail=\"https:\/\/www.recapofthestreets.eu\/wp-content\/uploads\/2022\/12\/Screenshot-2022-12-15-at-23.18.21-991x1024.png\" data-width=\"750\" data-height=\"775\" alt=\"Streetball Petr\u017ealka the streets\" ><\/div>\n\t\t\t\t\t\t\t\t\t\t<div class=\"elementor-gallery-item__overlay\"><\/div>\n\t\t\t\t\t\t\t\t\t\t\t\t\t\t<\/a>\n\t\t\t\t\t\t\t<a class=\"e-gallery-item elementor-gallery-item elementor-animated-content\" href=\"https:\/\/www.recapofthestreets.eu\/wp-content\/uploads\/2022\/12\/Screenshot-2022-12-15-at-23.18.14.png\" data-elementor-open-lightbox=\"yes\" data-elementor-lightbox-slideshow=\"all-65148c6\">\n\t\t\t\t\t<div class=\"e-gallery-image elementor-gallery-item__image\" data-thumbnail=\"https:\/\/www.recapofthestreets.eu\/wp-content\/uploads\/2022\/12\/Screenshot-2022-12-15-at-23.18.14-955x1024.png\" data-width=\"750\" data-height=\"804\" alt=\"Streetball Petr\u017ealka the streets\" ><\/div>\n\t\t\t\t\t\t\t\t\t\t<div class=\"elementor-gallery-item__overlay\"><\/div>\n\t\t\t\t\t\t\t\t\t\t\t\t\t\t<\/a>\n\t\t\t\t\t\t\t<a class=\"e-gallery-item elementor-gallery-item elementor-animated-content\" href=\"https:\/\/www.recapofthestreets.eu\/wp-content\/uploads\/2022\/12\/Screenshot-2022-12-15-at-23.18.42.png\" data-elementor-open-lightbox=\"yes\" data-elementor-lightbox-slideshow=\"all-65148c6\">\n\t\t\t\t\t<div class=\"e-gallery-image elementor-gallery-item__image\" data-thumbnail=\"https:\/\/www.recapofthestreets.eu\/wp-content\/uploads\/2022\/12\/Screenshot-2022-12-15-at-23.18.42-984x1024.png\" data-width=\"750\" data-height=\"780\" alt=\"Streetball Petr\u017ealka the streets\" ><\/div>\n\t\t\t\t\t\t\t\t\t\t<div class=\"elementor-gallery-item__overlay\"><\/div>\n\t\t\t\t\t\t\t\t\t\t\t\t\t\t<\/a>\n\t\t\t\t\t<\/div>\n\t\t\t<\/div>\n\t\t\t\t<\/div>\n\t\t\t\t\t<\/div>\n\t\t<\/div>\n\t\t\t\t\t\t\t<\/div>\n\t\t<\/section>\n\t\t\t\t\t\t<\/div>\n\t\t\t\t\t<\/div>\n\t\t","protected":false},"excerpt":{"rendered":"<p>Streetball Petr\u017ealka The Event In cooperation with the playground project we organized Streetball on a playground in Petr\u017ealka, one of Bratislava&#8217;s districts. This court is mainly known for the legendary hip-hop crew H16, who of course had their concert there. We gave all the players at the tournament a custom t-shirt created for the day&hellip; <a class=\"more-link\" href=\"https:\/\/www.recapofthestreets.eu\/index.php\/home\/stories\/streetball-petrzalka\/\">Pokra\u010dova\u0165 v \u010d\u00edtan\u00ed <span class=\"screen-reader-text\">Streetball Petr\u017ealka<\/span><\/a><\/p>\n","protected":false},"author":1,"featured_media":0,"parent":81,"menu_order":0,"comment_status":"closed","ping_status":"closed","template":"elementor_header_footer","meta":{"footnotes":""},"class_list":["post-4501","page","type-page","status-publish","hentry","entry"],"_links":{"self":[{"href":"https:\/\/www.recapofthestreets.eu\/index.php\/wp-json\/wp\/v2\/pages\/4501","targetHints":{"allow":["GET"]}}],"collection":[{"href":"https:\/\/www.recapofthestreets.eu\/index.php\/wp-json\/wp\/v2\/pages"}],"about":[{"href":"https:\/\/www.recapofthestreets.eu\/index.php\/wp-json\/wp\/v2\/types\/page"}],"author":[{"embeddable":true,"href":"https:\/\/www.recapofthestreets.eu\/index.php\/wp-json\/wp\/v2\/users\/1"}],"replies":[{"embeddable":true,"href":"https:\/\/www.recapofthestreets.eu\/index.php\/wp-json\/wp\/v2\/comments?post=4501"}],"version-history":[{"count":7,"href":"https:\/\/www.recapofthestreets.eu\/index.php\/wp-json\/wp\/v2\/pages\/4501\/revisions"}],"predecessor-version":[{"id":4796,"href":"https:\/\/www.recapofthestreets.eu\/index.php\/wp-json\/wp\/v2\/pages\/4501\/revisions\/4796"}],"up":[{"embeddable":true,"href":"https:\/\/www.recapofthestreets.eu\/index.php\/wp-json\/wp\/v2\/pages\/81"}],"wp:attachment":[{"href":"https:\/\/www.recapofthestreets.eu\/index.php\/wp-json\/wp\/v2\/media?parent=4501"}],"curies":[{"name":"wp","href":"https:\/\/api.w.org\/{rel}","templated":true}]}}