{"id":4405,"date":"2022-06-22T13:30:53","date_gmt":"2022-06-22T11:30:53","guid":{"rendered":"https:\/\/www.recapofthestreets.eu\/?page_id=4405"},"modified":"2022-06-22T15:27:53","modified_gmt":"2022-06-22T13:27:53","slug":"bratislava-ruzinov-court-revitalisation","status":"publish","type":"page","link":"https:\/\/www.recapofthestreets.eu\/index.php\/home\/courts-of-the-streets\/bratislava-ruzinov-court-revitalisation\/","title":{"rendered":"Bratislava Ru\u017einov court revitalisation"},"content":{"rendered":"\t\t<div data-elementor-type=\"wp-page\" data-elementor-id=\"4405\" class=\"elementor elementor-4405\" data-elementor-settings=\"[]\">\n\t\t\t\t\t\t\t<div class=\"elementor-section-wrap\">\n\t\t\t\t\t\t\t<section class=\"elementor-section elementor-top-section elementor-element elementor-element-6f07de8 elementor-section-full_width elementor-section-height-min-height elementor-section-height-default elementor-section-items-middle\" data-id=\"6f07de8\" data-element_type=\"section\" data-settings=\"{&quot;background_background&quot;:&quot;classic&quot;}\">\n\t\t\t\t\t\t\t<div class=\"elementor-background-overlay\"><\/div>\n\t\t\t\t\t\t\t<div class=\"elementor-container elementor-column-gap-default\">\n\t\t\t\t\t<div class=\"elementor-column elementor-col-100 elementor-top-column elementor-element elementor-element-ff31b88\" data-id=\"ff31b88\" data-element_type=\"column\" data-settings=\"{&quot;background_background&quot;:&quot;classic&quot;}\">\n\t\t\t<div class=\"elementor-widget-wrap elementor-element-populated\">\n\t\t\t\t\t<div class=\"elementor-background-overlay\"><\/div>\n\t\t\t\t\t\t\t\t<div class=\"elementor-element elementor-element-ddc55a9 elementor-widget elementor-widget-heading\" data-id=\"ddc55a9\" data-element_type=\"widget\" data-widget_type=\"heading.default\">\n\t\t\t\t<div class=\"elementor-widget-container\">\n\t\t\t<h2 class=\"elementor-heading-title elementor-size-default\">Bratislava court n.3<\/h2>\t\t<\/div>\n\t\t\t\t<\/div>\n\t\t\t\t\t<\/div>\n\t\t<\/div>\n\t\t\t\t\t\t\t<\/div>\n\t\t<\/section>\n\t\t\t\t<section class=\"elementor-section elementor-top-section elementor-element elementor-element-24ef474 elementor-section-full_width elementor-section-height-default elementor-section-height-default\" data-id=\"24ef474\" data-element_type=\"section\" data-settings=\"{&quot;background_background&quot;:&quot;classic&quot;}\">\n\t\t\t\t\t\t<div class=\"elementor-container elementor-column-gap-default\">\n\t\t\t\t\t<div class=\"elementor-column elementor-col-100 elementor-top-column elementor-element elementor-element-5912f9b\" data-id=\"5912f9b\" data-element_type=\"column\" data-settings=\"{&quot;background_background&quot;:&quot;classic&quot;}\">\n\t\t\t<div class=\"elementor-widget-wrap elementor-element-populated\">\n\t\t\t\t\t<div class=\"elementor-background-overlay\"><\/div>\n\t\t\t\t\t\t\t\t<div class=\"elementor-element elementor-element-eebd472 elementor-widget elementor-widget-heading\" data-id=\"eebd472\" data-element_type=\"widget\" data-widget_type=\"heading.default\">\n\t\t\t\t<div class=\"elementor-widget-container\">\n\t\t\t<h2 class=\"elementor-heading-title elementor-size-default\">Same city, another city district<\/h2>\t\t<\/div>\n\t\t\t\t<\/div>\n\t\t\t\t<div class=\"elementor-element elementor-element-fc70709 elementor-widget elementor-widget-text-editor\" data-id=\"fc70709\" data-element_type=\"widget\" data-widget_type=\"text-editor.default\">\n\t\t\t\t<div class=\"elementor-widget-container\">\n\t\t\t\t\t\t\t<div id=\"page-zones__main-widgets__5f67c94dd50ce\" class=\"widget widget--zone-widget js-widget style--light height--default\" data-name=\"row\" data-uniqueid=\"0LzWx1fRSeFf7oe\" data-parentuniqueid=\"AsQicNtlarH3JBu\"><div class=\"row row--style-light row--height-default row--vertical-align-top row--background-type-color row--width-contained row--text-1a row--layout-text-1a js-row\" data-rowtype=\"text-1a\"><div class=\"row__container js-row-container\"><div id=\"page-zones__main-widgets__5f67c94dd50ce-widgets__5f67c94e00145\" class=\"widget widget--zone-widget js-widget\" data-name=\"contentgroup\" data-uniqueid=\"ew8fBiU4D16TbqH\" data-parentuniqueid=\"0LzWx1fRSeFf7oe\"><div id=\"\" class=\"widget__contentgroup contentgroup contentgroup--center contentgroup--regular \"><div class=\"contentgroup__content\"><div class=\"contentgroup__body-wrapper\"><div class=\"contentgroup__text-wrapper\"><div class=\"contentgroup__body \"><div id=\"page-zones__main-widgets__5f5e06dc0f536-widgets__6059f9ff4c62e\" class=\"widget widget--zone-widget js-widget\" data-name=\"contentgroup\" data-uniqueid=\"K8iLVt9rISkqpXd\" data-parentuniqueid=\"97C3mGMzjweAQ0A\"><div id=\"\" class=\"widget__contentgroup contentgroup contentgroup--center contentgroup--regular \"><div class=\"contentgroup__content\"><div class=\"contentgroup__body-wrapper\"><div class=\"contentgroup__text-wrapper\"><div class=\"contentgroup__body \"><p class=\"_04xlpA direction-ltr align-center para-style-body\">Our third initiative under the courts of the streets project is the second playground in the city of Bratislava in the city district of Ru\u017einov. This time we revitalized the playground again in cooperation with Projekt Ihrisko, where we breathed life into this space in the sports and recreation area.<\/p><\/div><\/div><\/div><\/div><\/div><\/div><div id=\"page-zones__main-widgets__5f5e06dc0f536-widgets__6059fa03a136a\" class=\"widget widget--zone-widget js-widget\" data-name=\"image\" data-uniqueid=\"vWfhAgFcMOtic6d\" data-parentuniqueid=\"97C3mGMzjweAQ0A\"><div class=\"bk-image imagewidget widget__imagewidget widget-align-center\">\u00a0<\/div><\/div><\/div><\/div><\/div><\/div><\/div><\/div><\/div><\/div><\/div>\t\t\t\t\t\t<\/div>\n\t\t\t\t<\/div>\n\t\t\t\t\t<\/div>\n\t\t<\/div>\n\t\t\t\t\t\t\t<\/div>\n\t\t<\/section>\n\t\t\t\t<section class=\"elementor-section elementor-top-section elementor-element elementor-element-3c1b7dc elementor-section-boxed elementor-section-height-default elementor-section-height-default\" data-id=\"3c1b7dc\" data-element_type=\"section\">\n\t\t\t\t\t\t<div class=\"elementor-container elementor-column-gap-default\">\n\t\t\t\t\t<div class=\"elementor-column elementor-col-100 elementor-top-column elementor-element elementor-element-b79b29c\" data-id=\"b79b29c\" data-element_type=\"column\">\n\t\t\t<div class=\"elementor-widget-wrap elementor-element-populated\">\n\t\t\t\t\t\t\t\t<div class=\"elementor-element elementor-element-09a84f0 elementor-widget elementor-widget-gallery\" data-id=\"09a84f0\" data-element_type=\"widget\" data-settings=\"{&quot;columns&quot;:3,&quot;aspect_ratio&quot;:&quot;1:1&quot;,&quot;gallery_layout&quot;:&quot;grid&quot;,&quot;columns_tablet&quot;:2,&quot;columns_mobile&quot;:1,&quot;gap&quot;:{&quot;unit&quot;:&quot;px&quot;,&quot;size&quot;:10,&quot;sizes&quot;:[]},&quot;gap_tablet&quot;:{&quot;unit&quot;:&quot;px&quot;,&quot;size&quot;:10,&quot;sizes&quot;:[]},&quot;gap_mobile&quot;:{&quot;unit&quot;:&quot;px&quot;,&quot;size&quot;:10,&quot;sizes&quot;:[]},&quot;link_to&quot;:&quot;file&quot;,&quot;overlay_background&quot;:&quot;yes&quot;,&quot;content_hover_animation&quot;:&quot;fade-in&quot;}\" data-widget_type=\"gallery.default\">\n\t\t\t\t<div class=\"elementor-widget-container\">\n\t\t\t\t\t<div class=\"elementor-gallery__container\">\n\t\t\t\t\t\t\t<a class=\"e-gallery-item elementor-gallery-item elementor-animated-content\" href=\"https:\/\/www.recapofthestreets.eu\/wp-content\/uploads\/2022\/06\/Screenshot-2022-06-22-at-13.38.17.png\" data-elementor-open-lightbox=\"yes\" data-elementor-lightbox-slideshow=\"all-09a84f0\">\n\t\t\t\t\t<div class=\"e-gallery-image elementor-gallery-item__image\" data-thumbnail=\"https:\/\/www.recapofthestreets.eu\/wp-content\/uploads\/2022\/06\/Screenshot-2022-06-22-at-13.38.17-1024x598.png\" data-width=\"750\" data-height=\"438\" alt=\"courts of the streets bratislava ru\u017einov\" ><\/div>\n\t\t\t\t\t\t\t\t\t\t<div class=\"elementor-gallery-item__overlay\"><\/div>\n\t\t\t\t\t\t\t\t\t\t\t\t\t\t<\/a>\n\t\t\t\t\t\t\t<a class=\"e-gallery-item elementor-gallery-item elementor-animated-content\" href=\"https:\/\/www.recapofthestreets.eu\/wp-content\/uploads\/2022\/06\/Screenshot-2022-06-22-at-13.38.30.png\" data-elementor-open-lightbox=\"yes\" data-elementor-lightbox-slideshow=\"all-09a84f0\">\n\t\t\t\t\t<div class=\"e-gallery-image elementor-gallery-item__image\" data-thumbnail=\"https:\/\/www.recapofthestreets.eu\/wp-content\/uploads\/2022\/06\/Screenshot-2022-06-22-at-13.38.30-1024x673.png\" data-width=\"750\" data-height=\"493\" alt=\"courts of the streets bratislava ru\u017einov\" ><\/div>\n\t\t\t\t\t\t\t\t\t\t<div class=\"elementor-gallery-item__overlay\"><\/div>\n\t\t\t\t\t\t\t\t\t\t\t\t\t\t<\/a>\n\t\t\t\t\t\t\t<a class=\"e-gallery-item elementor-gallery-item elementor-animated-content\" href=\"https:\/\/www.recapofthestreets.eu\/wp-content\/uploads\/2022\/06\/Screenshot-2022-06-22-at-13.38.00.png\" data-elementor-open-lightbox=\"yes\" data-elementor-lightbox-slideshow=\"all-09a84f0\">\n\t\t\t\t\t<div class=\"e-gallery-image elementor-gallery-item__image\" data-thumbnail=\"https:\/\/www.recapofthestreets.eu\/wp-content\/uploads\/2022\/06\/Screenshot-2022-06-22-at-13.38.00-1024x657.png\" data-width=\"750\" data-height=\"481\" alt=\"courts of the streets bratislava ru\u017einov\" ><\/div>\n\t\t\t\t\t\t\t\t\t\t<div class=\"elementor-gallery-item__overlay\"><\/div>\n\t\t\t\t\t\t\t\t\t\t\t\t\t\t<\/a>\n\t\t\t\t\t<\/div>\n\t\t\t<\/div>\n\t\t\t\t<\/div>\n\t\t\t\t\t<\/div>\n\t\t<\/div>\n\t\t\t\t\t\t\t<\/div>\n\t\t<\/section>\n\t\t\t\t<section class=\"elementor-section elementor-top-section elementor-element elementor-element-7acc6dd elementor-section-full_width elementor-section-height-default elementor-section-height-default\" data-id=\"7acc6dd\" data-element_type=\"section\" data-settings=\"{&quot;background_background&quot;:&quot;classic&quot;}\">\n\t\t\t\t\t\t<div class=\"elementor-container elementor-column-gap-default\">\n\t\t\t\t\t<div class=\"elementor-column elementor-col-100 elementor-top-column elementor-element elementor-element-08fda1a\" data-id=\"08fda1a\" data-element_type=\"column\" data-settings=\"{&quot;background_background&quot;:&quot;classic&quot;}\">\n\t\t\t<div class=\"elementor-widget-wrap elementor-element-populated\">\n\t\t\t\t\t<div class=\"elementor-background-overlay\"><\/div>\n\t\t\t\t\t\t\t\t<div class=\"elementor-element elementor-element-33cf2a8 elementor-widget elementor-widget-heading\" data-id=\"33cf2a8\" data-element_type=\"widget\" data-widget_type=\"heading.default\">\n\t\t\t\t<div class=\"elementor-widget-container\">\n\t\t\t<h2 class=\"elementor-heading-title elementor-size-default\">moodboard<\/h2>\t\t<\/div>\n\t\t\t\t<\/div>\n\t\t\t\t<div class=\"elementor-element elementor-element-39bda20 elementor-widget elementor-widget-text-editor\" data-id=\"39bda20\" data-element_type=\"widget\" data-widget_type=\"text-editor.default\">\n\t\t\t\t<div class=\"elementor-widget-container\">\n\t\t\t\t\t\t\t<div id=\"page-zones__main-widgets__5f67c94dd50ce\" class=\"widget widget--zone-widget js-widget style--light height--default\" data-name=\"row\" data-uniqueid=\"0LzWx1fRSeFf7oe\" data-parentuniqueid=\"AsQicNtlarH3JBu\"><div class=\"row row--style-light row--height-default row--vertical-align-top row--background-type-color row--width-contained row--text-1a row--layout-text-1a js-row\" data-rowtype=\"text-1a\"><div class=\"row__container js-row-container\"><div id=\"page-zones__main-widgets__5f67c94dd50ce-widgets__5f67c94e00145\" class=\"widget widget--zone-widget js-widget\" data-name=\"contentgroup\" data-uniqueid=\"ew8fBiU4D16TbqH\" data-parentuniqueid=\"0LzWx1fRSeFf7oe\"><div id=\"\" class=\"widget__contentgroup contentgroup contentgroup--center contentgroup--regular \"><div class=\"contentgroup__content\"><div class=\"contentgroup__body-wrapper\"><div class=\"contentgroup__text-wrapper\"><div class=\"contentgroup__body \"><div id=\"page-zones__main-widgets__5f5e06dc0f536-widgets__6059f9ff4c62e\" class=\"widget widget--zone-widget js-widget\" data-name=\"contentgroup\" data-uniqueid=\"K8iLVt9rISkqpXd\" data-parentuniqueid=\"97C3mGMzjweAQ0A\"><div id=\"\" class=\"widget__contentgroup contentgroup contentgroup--center contentgroup--regular \"><div class=\"contentgroup__content\"><div class=\"contentgroup__body-wrapper\"><div class=\"contentgroup__text-wrapper\"><div class=\"contentgroup__body \"><p>The playground we chose this time is again located among grey blocks of flats, but it is surrounded by a lot of greenery and there are also other sports and recreational spaces in the area. We therefore decided to go for a design with a green natural touch where we combined elements of flora in a green-grey-orange color combination in conjunction with bold yellow lines. The feeling of playing on the course is great and the area breathes with energy and life.<\/p><\/div><\/div><\/div><\/div><\/div><\/div><div id=\"page-zones__main-widgets__5f5e06dc0f536-widgets__6059fa03a136a\" class=\"widget widget--zone-widget js-widget\" data-name=\"image\" data-uniqueid=\"vWfhAgFcMOtic6d\" data-parentuniqueid=\"97C3mGMzjweAQ0A\"><div class=\"bk-image imagewidget widget__imagewidget widget-align-center\">\u00a0<\/div><\/div><\/div><\/div><\/div><\/div><\/div><\/div><\/div><\/div><\/div>\t\t\t\t\t\t<\/div>\n\t\t\t\t<\/div>\n\t\t\t\t\t<\/div>\n\t\t<\/div>\n\t\t\t\t\t\t\t<\/div>\n\t\t<\/section>\n\t\t\t\t<section class=\"elementor-section elementor-top-section elementor-element elementor-element-f7f3a81 elementor-section-boxed elementor-section-height-default elementor-section-height-default\" data-id=\"f7f3a81\" data-element_type=\"section\">\n\t\t\t\t\t\t<div class=\"elementor-container elementor-column-gap-default\">\n\t\t\t\t\t<div class=\"elementor-column elementor-col-100 elementor-top-column elementor-element elementor-element-5722f9b\" data-id=\"5722f9b\" data-element_type=\"column\">\n\t\t\t<div class=\"elementor-widget-wrap elementor-element-populated\">\n\t\t\t\t\t\t\t\t<div class=\"elementor-element elementor-element-592139f elementor-widget elementor-widget-gallery\" data-id=\"592139f\" data-element_type=\"widget\" data-settings=\"{&quot;aspect_ratio&quot;:&quot;1:1&quot;,&quot;gallery_layout&quot;:&quot;grid&quot;,&quot;columns&quot;:4,&quot;columns_tablet&quot;:2,&quot;columns_mobile&quot;:1,&quot;gap&quot;:{&quot;unit&quot;:&quot;px&quot;,&quot;size&quot;:10,&quot;sizes&quot;:[]},&quot;gap_tablet&quot;:{&quot;unit&quot;:&quot;px&quot;,&quot;size&quot;:10,&quot;sizes&quot;:[]},&quot;gap_mobile&quot;:{&quot;unit&quot;:&quot;px&quot;,&quot;size&quot;:10,&quot;sizes&quot;:[]},&quot;link_to&quot;:&quot;file&quot;,&quot;overlay_background&quot;:&quot;yes&quot;,&quot;content_hover_animation&quot;:&quot;fade-in&quot;}\" data-widget_type=\"gallery.default\">\n\t\t\t\t<div class=\"elementor-widget-container\">\n\t\t\t\t\t<div class=\"elementor-gallery__container\">\n\t\t\t\t\t\t\t<a class=\"e-gallery-item elementor-gallery-item elementor-animated-content\" href=\"https:\/\/www.recapofthestreets.eu\/wp-content\/uploads\/2022\/06\/Screenshot-2022-06-22-at-14.54.11.png\" data-elementor-open-lightbox=\"yes\" data-elementor-lightbox-slideshow=\"all-592139f\">\n\t\t\t\t\t<div class=\"e-gallery-image elementor-gallery-item__image\" data-thumbnail=\"https:\/\/www.recapofthestreets.eu\/wp-content\/uploads\/2022\/06\/Screenshot-2022-06-22-at-14.54.11-1024x602.png\" data-width=\"750\" data-height=\"441\" alt=\"courts of the streets bratislava ru\u017einov\" ><\/div>\n\t\t\t\t\t\t\t\t\t\t<div class=\"elementor-gallery-item__overlay\"><\/div>\n\t\t\t\t\t\t\t\t\t\t\t\t\t\t<\/a>\n\t\t\t\t\t\t\t<a class=\"e-gallery-item elementor-gallery-item elementor-animated-content\" href=\"https:\/\/www.recapofthestreets.eu\/wp-content\/uploads\/2022\/06\/Screenshot-2022-06-22-at-14.53.24.png\" data-elementor-open-lightbox=\"yes\" data-elementor-lightbox-slideshow=\"all-592139f\">\n\t\t\t\t\t<div class=\"e-gallery-image elementor-gallery-item__image\" data-thumbnail=\"https:\/\/www.recapofthestreets.eu\/wp-content\/uploads\/2022\/06\/Screenshot-2022-06-22-at-14.53.24-1024x606.png\" data-width=\"750\" data-height=\"444\" alt=\"courts of the streets bratislava ru\u017einov\" ><\/div>\n\t\t\t\t\t\t\t\t\t\t<div class=\"elementor-gallery-item__overlay\"><\/div>\n\t\t\t\t\t\t\t\t\t\t\t\t\t\t<\/a>\n\t\t\t\t\t\t\t<a class=\"e-gallery-item elementor-gallery-item elementor-animated-content\" href=\"https:\/\/www.recapofthestreets.eu\/wp-content\/uploads\/2022\/06\/Screenshot-2022-06-22-at-13.29.11.png\" data-elementor-open-lightbox=\"yes\" data-elementor-lightbox-slideshow=\"all-592139f\">\n\t\t\t\t\t<div class=\"e-gallery-image elementor-gallery-item__image\" data-thumbnail=\"https:\/\/www.recapofthestreets.eu\/wp-content\/uploads\/2022\/06\/Screenshot-2022-06-22-at-13.29.11-1024x580.png\" data-width=\"750\" data-height=\"425\" alt=\"courts of the streets bratislava ru\u017einov\" ><\/div>\n\t\t\t\t\t\t\t\t\t\t<div class=\"elementor-gallery-item__overlay\"><\/div>\n\t\t\t\t\t\t\t\t\t\t\t\t\t\t<\/a>\n\t\t\t\t\t\t\t<a class=\"e-gallery-item elementor-gallery-item elementor-animated-content\" href=\"https:\/\/www.recapofthestreets.eu\/wp-content\/uploads\/2022\/06\/Screenshot-2022-06-22-at-14.53.56.png\" data-elementor-open-lightbox=\"yes\" data-elementor-lightbox-slideshow=\"all-592139f\">\n\t\t\t\t\t<div class=\"e-gallery-image elementor-gallery-item__image\" data-thumbnail=\"https:\/\/www.recapofthestreets.eu\/wp-content\/uploads\/2022\/06\/Screenshot-2022-06-22-at-14.53.56-1024x601.png\" data-width=\"750\" data-height=\"440\" alt=\"courts of the streets bratislava ru\u017einov\" ><\/div>\n\t\t\t\t\t\t\t\t\t\t<div class=\"elementor-gallery-item__overlay\"><\/div>\n\t\t\t\t\t\t\t\t\t\t\t\t\t\t<\/a>\n\t\t\t\t\t<\/div>\n\t\t\t<\/div>\n\t\t\t\t<\/div>\n\t\t\t\t\t<\/div>\n\t\t<\/div>\n\t\t\t\t\t\t\t<\/div>\n\t\t<\/section>\n\t\t\t\t<section class=\"elementor-section elementor-top-section elementor-element elementor-element-159cd6e elementor-section-full_width elementor-section-height-default elementor-section-height-default\" data-id=\"159cd6e\" data-element_type=\"section\" data-settings=\"{&quot;background_background&quot;:&quot;classic&quot;}\">\n\t\t\t\t\t\t<div class=\"elementor-container elementor-column-gap-default\">\n\t\t\t\t\t<div class=\"elementor-column elementor-col-100 elementor-top-column elementor-element elementor-element-242a7ab\" data-id=\"242a7ab\" data-element_type=\"column\" data-settings=\"{&quot;background_background&quot;:&quot;classic&quot;}\">\n\t\t\t<div class=\"elementor-widget-wrap elementor-element-populated\">\n\t\t\t\t\t<div class=\"elementor-background-overlay\"><\/div>\n\t\t\t\t\t\t\t\t<div class=\"elementor-element elementor-element-fdb4199 elementor-widget elementor-widget-heading\" data-id=\"fdb4199\" data-element_type=\"widget\" data-widget_type=\"heading.default\">\n\t\t\t\t<div class=\"elementor-widget-container\">\n\t\t\t<h2 class=\"elementor-heading-title elementor-size-default\">The game<\/h2>\t\t<\/div>\n\t\t\t\t<\/div>\n\t\t\t\t<div class=\"elementor-element elementor-element-6cd29d6 elementor-widget elementor-widget-text-editor\" data-id=\"6cd29d6\" data-element_type=\"widget\" data-widget_type=\"text-editor.default\">\n\t\t\t\t<div class=\"elementor-widget-container\">\n\t\t\t\t\t\t\t<div id=\"page-zones__main-widgets__5f67c94dd50ce\" class=\"widget widget--zone-widget js-widget style--light height--default\" data-name=\"row\" data-uniqueid=\"0LzWx1fRSeFf7oe\" data-parentuniqueid=\"AsQicNtlarH3JBu\"><div class=\"row row--style-light row--height-default row--vertical-align-top row--background-type-color row--width-contained row--text-1a row--layout-text-1a js-row\" data-rowtype=\"text-1a\"><div class=\"row__container js-row-container\"><div id=\"page-zones__main-widgets__5f67c94dd50ce-widgets__5f67c94e00145\" class=\"widget widget--zone-widget js-widget\" data-name=\"contentgroup\" data-uniqueid=\"ew8fBiU4D16TbqH\" data-parentuniqueid=\"0LzWx1fRSeFf7oe\"><div id=\"\" class=\"widget__contentgroup contentgroup contentgroup--center contentgroup--regular \"><div class=\"contentgroup__content\"><div class=\"contentgroup__body-wrapper\"><div class=\"contentgroup__text-wrapper\"><div class=\"contentgroup__body \"><div id=\"page-zones__main-widgets__5f5e06dc0f536-widgets__6059f9ff4c62e\" class=\"widget widget--zone-widget js-widget\" data-name=\"contentgroup\" data-uniqueid=\"K8iLVt9rISkqpXd\" data-parentuniqueid=\"97C3mGMzjweAQ0A\"><div id=\"\" class=\"widget__contentgroup contentgroup contentgroup--center contentgroup--regular \"><div class=\"contentgroup__content\"><div class=\"contentgroup__body-wrapper\"><div class=\"contentgroup__text-wrapper\"><div class=\"contentgroup__body \"><p>For this occasion, we have created a video reel on instagram, where you can experience the feeling of playing on this course in a new look. The video had over 16,000 organic views.<\/p><\/div><\/div><\/div><\/div><\/div><\/div><div id=\"page-zones__main-widgets__5f5e06dc0f536-widgets__6059fa03a136a\" class=\"widget widget--zone-widget js-widget\" data-name=\"image\" data-uniqueid=\"vWfhAgFcMOtic6d\" data-parentuniqueid=\"97C3mGMzjweAQ0A\"><div class=\"bk-image imagewidget widget__imagewidget widget-align-center\">\u00a0<\/div><\/div><\/div><\/div><\/div><\/div><\/div><\/div><\/div><\/div><\/div>\t\t\t\t\t\t<\/div>\n\t\t\t\t<\/div>\n\t\t\t\t\t<\/div>\n\t\t<\/div>\n\t\t\t\t\t\t\t<\/div>\n\t\t<\/section>\n\t\t\t\t<section class=\"elementor-section elementor-top-section elementor-element elementor-element-5f0e6de elementor-section-boxed elementor-section-height-default elementor-section-height-default\" data-id=\"5f0e6de\" data-element_type=\"section\">\n\t\t\t\t\t\t<div class=\"elementor-container elementor-column-gap-default\">\n\t\t\t\t\t<div class=\"elementor-column elementor-col-100 elementor-top-column elementor-element elementor-element-7a5a5cc\" data-id=\"7a5a5cc\" data-element_type=\"column\">\n\t\t\t<div class=\"elementor-widget-wrap elementor-element-populated\">\n\t\t\t\t\t\t\t\t<div class=\"elementor-element elementor-element-c898b9d elementor-aspect-ratio-916 elementor-widget elementor-widget-video\" data-id=\"c898b9d\" data-element_type=\"widget\" data-settings=\"{&quot;loop&quot;:&quot;yes&quot;,&quot;video_type&quot;:&quot;hosted&quot;,&quot;aspect_ratio&quot;:&quot;916&quot;,&quot;controls&quot;:&quot;yes&quot;}\" data-widget_type=\"video.default\">\n\t\t\t\t<div class=\"elementor-widget-container\">\n\t\t\t\t\t<div class=\"e-hosted-video elementor-wrapper elementor-fit-aspect-ratio elementor-open-inline\">\n\t\t\t\t\t<video class=\"elementor-video\" src=\"https:\/\/www.recapofthestreets.eu\/wp-content\/uploads\/2022\/06\/e16a915d4efd413f9dc74a0ab433fd59.mov\" loop=\"\" controls=\"\" controlsList=\"nodownload\"><\/video>\n\t\t\t\t<\/div>\n\t\t\t\t<\/div>\n\t\t\t\t<\/div>\n\t\t\t\t\t<\/div>\n\t\t<\/div>\n\t\t\t\t\t\t\t<\/div>\n\t\t<\/section>\n\t\t\t\t\t\t<\/div>\n\t\t\t\t\t<\/div>\n\t\t","protected":false},"excerpt":{"rendered":"<p>Bratislava court n.3 Same city, another city district Our third initiative under the courts of the streets project is the second playground in the city of Bratislava in the city district of Ru\u017einov. This time we revitalized the playground again in cooperation with Projekt Ihrisko, where we breathed life into this space in the sports&hellip; <a class=\"more-link\" href=\"https:\/\/www.recapofthestreets.eu\/index.php\/home\/courts-of-the-streets\/bratislava-ruzinov-court-revitalisation\/\">Pokra\u010dova\u0165 v \u010d\u00edtan\u00ed <span class=\"screen-reader-text\">Bratislava Ru\u017einov court revitalisation<\/span><\/a><\/p>\n","protected":false},"author":1,"featured_media":0,"parent":711,"menu_order":0,"comment_status":"closed","ping_status":"closed","template":"elementor_header_footer","meta":{"footnotes":""},"class_list":["post-4405","page","type-page","status-publish","hentry","entry"],"_links":{"self":[{"href":"https:\/\/www.recapofthestreets.eu\/index.php\/wp-json\/wp\/v2\/pages\/4405","targetHints":{"allow":["GET"]}}],"collection":[{"href":"https:\/\/www.recapofthestreets.eu\/index.php\/wp-json\/wp\/v2\/pages"}],"about":[{"href":"https:\/\/www.recapofthestreets.eu\/index.php\/wp-json\/wp\/v2\/types\/page"}],"author":[{"embeddable":true,"href":"https:\/\/www.recapofthestreets.eu\/index.php\/wp-json\/wp\/v2\/users\/1"}],"replies":[{"embeddable":true,"href":"https:\/\/www.recapofthestreets.eu\/index.php\/wp-json\/wp\/v2\/comments?post=4405"}],"version-history":[{"count":7,"href":"https:\/\/www.recapofthestreets.eu\/index.php\/wp-json\/wp\/v2\/pages\/4405\/revisions"}],"predecessor-version":[{"id":4427,"href":"https:\/\/www.recapofthestreets.eu\/index.php\/wp-json\/wp\/v2\/pages\/4405\/revisions\/4427"}],"up":[{"embeddable":true,"href":"https:\/\/www.recapofthestreets.eu\/index.php\/wp-json\/wp\/v2\/pages\/711"}],"wp:attachment":[{"href":"https:\/\/www.recapofthestreets.eu\/index.php\/wp-json\/wp\/v2\/media?parent=4405"}],"curies":[{"name":"wp","href":"https:\/\/api.w.org\/{rel}","templated":true}]}}