{"id":4207,"date":"2022-05-04T14:05:12","date_gmt":"2022-05-04T12:05:12","guid":{"rendered":"https:\/\/www.recapofthestreets.eu\/?page_id=4207"},"modified":"2022-06-15T15:16:31","modified_gmt":"2022-06-15T13:16:31","slug":"zoom-freak-3","status":"publish","type":"page","link":"https:\/\/www.recapofthestreets.eu\/index.php\/home\/stories\/zoom-freak-3\/","title":{"rendered":"Zoom Freak 3"},"content":{"rendered":"\t\t<div data-elementor-type=\"wp-page\" data-elementor-id=\"4207\" class=\"elementor elementor-4207\" data-elementor-settings=\"[]\">\n\t\t\t\t\t\t\t<div class=\"elementor-section-wrap\">\n\t\t\t\t\t\t\t<section class=\"elementor-section elementor-top-section elementor-element elementor-element-ce37b93 elementor-section-full_width elementor-section-height-min-height elementor-section-height-default elementor-section-items-middle\" data-id=\"ce37b93\" data-element_type=\"section\" data-settings=\"{&quot;background_background&quot;:&quot;classic&quot;}\">\n\t\t\t\t\t\t\t<div class=\"elementor-background-overlay\"><\/div>\n\t\t\t\t\t\t\t<div class=\"elementor-container elementor-column-gap-default\">\n\t\t\t\t\t<div class=\"elementor-column elementor-col-100 elementor-top-column elementor-element elementor-element-31947d9\" data-id=\"31947d9\" data-element_type=\"column\">\n\t\t\t<div class=\"elementor-widget-wrap elementor-element-populated\">\n\t\t\t\t\t\t\t\t<div class=\"elementor-element elementor-element-42e14d7 elementor-widget elementor-widget-heading\" data-id=\"42e14d7\" data-element_type=\"widget\" data-widget_type=\"heading.default\">\n\t\t\t\t<div class=\"elementor-widget-container\">\n\t\t\t<h2 class=\"elementor-heading-title elementor-size-default\">Zoom Freak 3<\/h2>\t\t<\/div>\n\t\t\t\t<\/div>\n\t\t\t\t\t<\/div>\n\t\t<\/div>\n\t\t\t\t\t\t\t<\/div>\n\t\t<\/section>\n\t\t\t\t<section class=\"elementor-section elementor-top-section elementor-element elementor-element-3cc02ea elementor-section-full_width elementor-section-height-default elementor-section-height-default\" data-id=\"3cc02ea\" data-element_type=\"section\" data-settings=\"{&quot;background_background&quot;:&quot;classic&quot;}\">\n\t\t\t\t\t\t<div class=\"elementor-container elementor-column-gap-default\">\n\t\t\t\t\t<div class=\"elementor-column elementor-col-100 elementor-top-column elementor-element elementor-element-3fc20b6\" data-id=\"3fc20b6\" data-element_type=\"column\" data-settings=\"{&quot;background_background&quot;:&quot;classic&quot;}\">\n\t\t\t<div class=\"elementor-widget-wrap elementor-element-populated\">\n\t\t\t\t\t<div class=\"elementor-background-overlay\"><\/div>\n\t\t\t\t\t\t\t\t<div class=\"elementor-element elementor-element-8f92971 elementor-widget elementor-widget-heading\" data-id=\"8f92971\" data-element_type=\"widget\" data-widget_type=\"heading.default\">\n\t\t\t\t<div class=\"elementor-widget-container\">\n\t\t\t<h2 class=\"elementor-heading-title elementor-size-default\">Product Activation<\/h2>\t\t<\/div>\n\t\t\t\t<\/div>\n\t\t\t\t<div class=\"elementor-element elementor-element-85bd0a6 elementor-widget elementor-widget-text-editor\" data-id=\"85bd0a6\" data-element_type=\"widget\" data-widget_type=\"text-editor.default\">\n\t\t\t\t<div class=\"elementor-widget-container\">\n\t\t\t\t\t\t\t<p>Being the only retailer in our marketplace having this product, we decided to show it to our community in a different fashion as usual. Out of many colorways, we&#8217;ve picked the &#8218;Black Grey&#8216; which was the right one for the black and white concept of the video. Check it below.\u00a0<\/p>\t\t\t\t\t\t<\/div>\n\t\t\t\t<\/div>\n\t\t\t\t\t<\/div>\n\t\t<\/div>\n\t\t\t\t\t\t\t<\/div>\n\t\t<\/section>\n\t\t\t\t<section class=\"elementor-section elementor-top-section elementor-element elementor-element-c92c4f6 elementor-section-boxed elementor-section-height-default elementor-section-height-default\" data-id=\"c92c4f6\" data-element_type=\"section\">\n\t\t\t\t\t\t<div class=\"elementor-container elementor-column-gap-default\">\n\t\t\t\t\t<div class=\"elementor-column elementor-col-100 elementor-top-column elementor-element elementor-element-18767b1\" data-id=\"18767b1\" data-element_type=\"column\">\n\t\t\t<div class=\"elementor-widget-wrap elementor-element-populated\">\n\t\t\t\t\t\t\t\t<div class=\"elementor-element elementor-element-746d414 elementor-aspect-ratio-916 elementor-widget elementor-widget-video\" data-id=\"746d414\" data-element_type=\"widget\" data-settings=\"{&quot;mute&quot;:&quot;yes&quot;,&quot;loop&quot;:&quot;yes&quot;,&quot;video_type&quot;:&quot;hosted&quot;,&quot;aspect_ratio&quot;:&quot;916&quot;,&quot;controls&quot;:&quot;yes&quot;}\" data-widget_type=\"video.default\">\n\t\t\t\t<div class=\"elementor-widget-container\">\n\t\t\t\t\t<div class=\"e-hosted-video elementor-wrapper elementor-fit-aspect-ratio elementor-open-inline\">\n\t\t\t\t\t<video class=\"elementor-video\" src=\"https:\/\/www.recapofthestreets.eu\/wp-content\/uploads\/2022\/06\/7d67397485f8431790bc36fb1ffe2a5a.mov\" loop=\"\" controls=\"\" muted=\"muted\" controlsList=\"nodownload\"><\/video>\n\t\t\t\t<\/div>\n\t\t\t\t<\/div>\n\t\t\t\t<\/div>\n\t\t\t\t\t<\/div>\n\t\t<\/div>\n\t\t\t\t\t\t\t<\/div>\n\t\t<\/section>\n\t\t\t\t<section class=\"elementor-section elementor-top-section elementor-element elementor-element-593ed91 elementor-section-full_width elementor-section-height-default elementor-section-height-default\" data-id=\"593ed91\" data-element_type=\"section\" data-settings=\"{&quot;background_background&quot;:&quot;classic&quot;}\">\n\t\t\t\t\t\t<div class=\"elementor-container elementor-column-gap-default\">\n\t\t\t\t\t<div class=\"elementor-column elementor-col-100 elementor-top-column elementor-element elementor-element-207d44c\" data-id=\"207d44c\" data-element_type=\"column\" data-settings=\"{&quot;background_background&quot;:&quot;classic&quot;}\">\n\t\t\t<div class=\"elementor-widget-wrap elementor-element-populated\">\n\t\t\t\t\t<div class=\"elementor-background-overlay\"><\/div>\n\t\t\t\t\t\t\t\t<div class=\"elementor-element elementor-element-8161d5f elementor-widget elementor-widget-heading\" data-id=\"8161d5f\" data-element_type=\"widget\" data-widget_type=\"heading.default\">\n\t\t\t\t<div class=\"elementor-widget-container\">\n\t\t\t<h2 class=\"elementor-heading-title elementor-size-default\">Reels Reach<\/h2>\t\t<\/div>\n\t\t\t\t<\/div>\n\t\t\t\t<div class=\"elementor-element elementor-element-99018a7 elementor-widget elementor-widget-text-editor\" data-id=\"99018a7\" data-element_type=\"widget\" data-widget_type=\"text-editor.default\">\n\t\t\t\t<div class=\"elementor-widget-container\">\n\t\t\t\t\t\t\t<p>Created for instagram purposes, the video was shot vertically and had a reach of more than 87 000 views organically.\u00a0<\/p>\t\t\t\t\t\t<\/div>\n\t\t\t\t<\/div>\n\t\t\t\t\t<\/div>\n\t\t<\/div>\n\t\t\t\t\t\t\t<\/div>\n\t\t<\/section>\n\t\t\t\t<section class=\"elementor-section elementor-top-section elementor-element elementor-element-d1cc7b9 elementor-section-boxed elementor-section-height-default elementor-section-height-default\" data-id=\"d1cc7b9\" data-element_type=\"section\">\n\t\t\t\t\t\t<div class=\"elementor-container elementor-column-gap-default\">\n\t\t\t\t\t<div class=\"elementor-column elementor-col-100 elementor-top-column elementor-element elementor-element-e20f52f\" data-id=\"e20f52f\" data-element_type=\"column\">\n\t\t\t<div class=\"elementor-widget-wrap elementor-element-populated\">\n\t\t\t\t\t\t\t\t<div class=\"elementor-element elementor-element-3420560 elementor-widget elementor-widget-gallery\" data-id=\"3420560\" data-element_type=\"widget\" data-settings=\"{&quot;aspect_ratio&quot;:&quot;1:1&quot;,&quot;columns_mobile&quot;:3,&quot;gallery_layout&quot;:&quot;grid&quot;,&quot;columns&quot;:4,&quot;columns_tablet&quot;:2,&quot;gap&quot;:{&quot;unit&quot;:&quot;px&quot;,&quot;size&quot;:10,&quot;sizes&quot;:[]},&quot;gap_tablet&quot;:{&quot;unit&quot;:&quot;px&quot;,&quot;size&quot;:10,&quot;sizes&quot;:[]},&quot;gap_mobile&quot;:{&quot;unit&quot;:&quot;px&quot;,&quot;size&quot;:10,&quot;sizes&quot;:[]},&quot;link_to&quot;:&quot;file&quot;,&quot;overlay_background&quot;:&quot;yes&quot;,&quot;content_hover_animation&quot;:&quot;fade-in&quot;}\" data-widget_type=\"gallery.default\">\n\t\t\t\t<div class=\"elementor-widget-container\">\n\t\t\t\t\t<div class=\"elementor-gallery__container\">\n\t\t\t\t\t\t\t<a class=\"e-gallery-item elementor-gallery-item elementor-animated-content\" href=\"https:\/\/www.recapofthestreets.eu\/wp-content\/uploads\/2022\/06\/Screenshot-2022-06-06-at-14.12.34.png\" data-elementor-open-lightbox=\"yes\" data-elementor-lightbox-slideshow=\"all-3420560\">\n\t\t\t\t\t<div class=\"e-gallery-image elementor-gallery-item__image\" data-thumbnail=\"https:\/\/www.recapofthestreets.eu\/wp-content\/uploads\/2022\/06\/Screenshot-2022-06-06-at-14.12.34-628x1024.png\" data-width=\"628\" data-height=\"1024\" alt=\"\" ><\/div>\n\t\t\t\t\t\t\t\t\t\t<div class=\"elementor-gallery-item__overlay\"><\/div>\n\t\t\t\t\t\t\t\t\t\t\t\t\t\t<\/a>\n\t\t\t\t\t\t\t<a class=\"e-gallery-item elementor-gallery-item elementor-animated-content\" href=\"https:\/\/www.recapofthestreets.eu\/wp-content\/uploads\/2022\/06\/Screenshot-2022-06-06-at-14.13.15.png\" data-elementor-open-lightbox=\"yes\" data-elementor-lightbox-slideshow=\"all-3420560\">\n\t\t\t\t\t<div class=\"e-gallery-image elementor-gallery-item__image\" data-thumbnail=\"https:\/\/www.recapofthestreets.eu\/wp-content\/uploads\/2022\/06\/Screenshot-2022-06-06-at-14.13.15-687x1024.png\" data-width=\"687\" data-height=\"1024\" alt=\"\" ><\/div>\n\t\t\t\t\t\t\t\t\t\t<div class=\"elementor-gallery-item__overlay\"><\/div>\n\t\t\t\t\t\t\t\t\t\t\t\t\t\t<\/a>\n\t\t\t\t\t\t\t<a class=\"e-gallery-item elementor-gallery-item elementor-animated-content\" href=\"https:\/\/www.recapofthestreets.eu\/wp-content\/uploads\/2022\/06\/Screenshot-2022-06-06-at-14.06.13.png\" data-elementor-open-lightbox=\"yes\" data-elementor-lightbox-slideshow=\"all-3420560\">\n\t\t\t\t\t<div class=\"e-gallery-image elementor-gallery-item__image\" data-thumbnail=\"https:\/\/www.recapofthestreets.eu\/wp-content\/uploads\/2022\/06\/Screenshot-2022-06-06-at-14.06.13-944x1024.png\" data-width=\"750\" data-height=\"814\" alt=\"nike zoom freak 3 the streets\" ><\/div>\n\t\t\t\t\t\t\t\t\t\t<div class=\"elementor-gallery-item__overlay\"><\/div>\n\t\t\t\t\t\t\t\t\t\t\t\t\t\t<\/a>\n\t\t\t\t\t\t\t<a class=\"e-gallery-item elementor-gallery-item elementor-animated-content\" href=\"https:\/\/www.recapofthestreets.eu\/wp-content\/uploads\/2022\/06\/Screenshot-2022-06-06-at-14.12.12.png\" data-elementor-open-lightbox=\"yes\" data-elementor-lightbox-slideshow=\"all-3420560\">\n\t\t\t\t\t<div class=\"e-gallery-image elementor-gallery-item__image\" data-thumbnail=\"https:\/\/www.recapofthestreets.eu\/wp-content\/uploads\/2022\/06\/Screenshot-2022-06-06-at-14.12.12-624x1024.png\" data-width=\"624\" data-height=\"1024\" alt=\"\" ><\/div>\n\t\t\t\t\t\t\t\t\t\t<div class=\"elementor-gallery-item__overlay\"><\/div>\n\t\t\t\t\t\t\t\t\t\t\t\t\t\t<\/a>\n\t\t\t\t\t<\/div>\n\t\t\t<\/div>\n\t\t\t\t<\/div>\n\t\t\t\t\t<\/div>\n\t\t<\/div>\n\t\t\t\t\t\t\t<\/div>\n\t\t<\/section>\n\t\t\t\t\t\t<\/div>\n\t\t\t\t\t<\/div>\n\t\t","protected":false},"excerpt":{"rendered":"<p>Zoom Freak 3 Product Activation Being the only retailer in our marketplace having this product, we decided to show it to our community in a different fashion as usual. Out of many colorways, we&#8217;ve picked the &#8218;Black Grey&#8216; which was the right one for the black and white concept of the video. Check it below.\u00a0&hellip; <a class=\"more-link\" href=\"https:\/\/www.recapofthestreets.eu\/index.php\/home\/stories\/zoom-freak-3\/\">Pokra\u010dova\u0165 v \u010d\u00edtan\u00ed <span class=\"screen-reader-text\">Zoom Freak 3<\/span><\/a><\/p>\n","protected":false},"author":1,"featured_media":0,"parent":81,"menu_order":0,"comment_status":"closed","ping_status":"closed","template":"elementor_header_footer","meta":{"footnotes":""},"class_list":["post-4207","page","type-page","status-publish","hentry","entry"],"_links":{"self":[{"href":"https:\/\/www.recapofthestreets.eu\/index.php\/wp-json\/wp\/v2\/pages\/4207","targetHints":{"allow":["GET"]}}],"collection":[{"href":"https:\/\/www.recapofthestreets.eu\/index.php\/wp-json\/wp\/v2\/pages"}],"about":[{"href":"https:\/\/www.recapofthestreets.eu\/index.php\/wp-json\/wp\/v2\/types\/page"}],"author":[{"embeddable":true,"href":"https:\/\/www.recapofthestreets.eu\/index.php\/wp-json\/wp\/v2\/users\/1"}],"replies":[{"embeddable":true,"href":"https:\/\/www.recapofthestreets.eu\/index.php\/wp-json\/wp\/v2\/comments?post=4207"}],"version-history":[{"count":22,"href":"https:\/\/www.recapofthestreets.eu\/index.php\/wp-json\/wp\/v2\/pages\/4207\/revisions"}],"predecessor-version":[{"id":4400,"href":"https:\/\/www.recapofthestreets.eu\/index.php\/wp-json\/wp\/v2\/pages\/4207\/revisions\/4400"}],"up":[{"embeddable":true,"href":"https:\/\/www.recapofthestreets.eu\/index.php\/wp-json\/wp\/v2\/pages\/81"}],"wp:attachment":[{"href":"https:\/\/www.recapofthestreets.eu\/index.php\/wp-json\/wp\/v2\/media?parent=4207"}],"curies":[{"name":"wp","href":"https:\/\/api.w.org\/{rel}","templated":true}]}}