{"id":3100,"date":"2021-11-04T10:14:27","date_gmt":"2021-11-04T09:14:27","guid":{"rendered":"https:\/\/www.recapofthestreets.eu\/?page_id=3100"},"modified":"2022-04-08T12:01:11","modified_gmt":"2022-04-08T10:01:11","slug":"buzzer-beater","status":"publish","type":"page","link":"https:\/\/www.recapofthestreets.eu\/index.php\/home\/stories\/buzzer-beater\/","title":{"rendered":"Buzzer Beater"},"content":{"rendered":"\t\t<div data-elementor-type=\"wp-page\" data-elementor-id=\"3100\" class=\"elementor elementor-3100\" data-elementor-settings=\"[]\">\n\t\t\t\t\t\t\t<div class=\"elementor-section-wrap\">\n\t\t\t\t\t\t\t<section class=\"elementor-section elementor-top-section elementor-element elementor-element-e027c3a elementor-section-full_width elementor-section-height-min-height elementor-section-height-default elementor-section-items-middle\" data-id=\"e027c3a\" data-element_type=\"section\" data-settings=\"{&quot;background_background&quot;:&quot;classic&quot;}\">\n\t\t\t\t\t\t\t<div class=\"elementor-background-overlay\"><\/div>\n\t\t\t\t\t\t\t<div class=\"elementor-container elementor-column-gap-default\">\n\t\t\t\t\t<div class=\"elementor-column elementor-col-100 elementor-top-column elementor-element elementor-element-ea49260\" data-id=\"ea49260\" data-element_type=\"column\">\n\t\t\t<div class=\"elementor-widget-wrap elementor-element-populated\">\n\t\t\t\t\t\t\t\t<div class=\"elementor-element elementor-element-60b7d8d elementor-widget elementor-widget-heading\" data-id=\"60b7d8d\" data-element_type=\"widget\" data-widget_type=\"heading.default\">\n\t\t\t\t<div class=\"elementor-widget-container\">\n\t\t\t<h2 class=\"elementor-heading-title elementor-size-default\">Buzzer Beater<\/h2>\t\t<\/div>\n\t\t\t\t<\/div>\n\t\t\t\t\t<\/div>\n\t\t<\/div>\n\t\t\t\t\t\t\t<\/div>\n\t\t<\/section>\n\t\t\t\t<section class=\"elementor-section elementor-top-section elementor-element elementor-element-3d73fcb elementor-section-full_width elementor-section-height-default elementor-section-height-default\" data-id=\"3d73fcb\" data-element_type=\"section\" data-settings=\"{&quot;background_background&quot;:&quot;classic&quot;}\">\n\t\t\t\t\t\t<div class=\"elementor-container elementor-column-gap-default\">\n\t\t\t\t\t<div class=\"elementor-column elementor-col-100 elementor-top-column elementor-element elementor-element-866f4ac\" data-id=\"866f4ac\" data-element_type=\"column\" data-settings=\"{&quot;background_background&quot;:&quot;classic&quot;}\">\n\t\t\t<div class=\"elementor-widget-wrap elementor-element-populated\">\n\t\t\t\t\t<div class=\"elementor-background-overlay\"><\/div>\n\t\t\t\t\t\t\t\t<div class=\"elementor-element elementor-element-0ffc256 elementor-widget elementor-widget-heading\" data-id=\"0ffc256\" data-element_type=\"widget\" data-widget_type=\"heading.default\">\n\t\t\t\t<div class=\"elementor-widget-container\">\n\t\t\t<h2 class=\"elementor-heading-title elementor-size-default\">video podcast<\/h2>\t\t<\/div>\n\t\t\t\t<\/div>\n\t\t\t\t<div class=\"elementor-element elementor-element-a7b0aa5 elementor-widget elementor-widget-text-editor\" data-id=\"a7b0aa5\" data-element_type=\"widget\" data-widget_type=\"text-editor.default\">\n\t\t\t\t<div class=\"elementor-widget-container\">\n\t\t\t\t\t\t\t<p>Buzzer Beater is our new project, a video podcast that is being published every week on our Youtube channel. It focuses mainly on NBA topics. The first episode had a great success among the fans, we received plenty of positive feedback on social media. You can find an audio version on Spotify. The hosts are our well-known Joe Trendy, the host of IG <a href=\"https:\/\/www.recapofthestreets.eu\/index.php\/home\/our-stories\/joe-trendy-nba-show\/\">NBA Show<\/a>, and well-known sports journalist Tom\u00e1\u0161 Prokop aka Lewysko.<\/p>\t\t\t\t\t\t<\/div>\n\t\t\t\t<\/div>\n\t\t\t\t\t<\/div>\n\t\t<\/div>\n\t\t\t\t\t\t\t<\/div>\n\t\t<\/section>\n\t\t\t\t<section class=\"elementor-section elementor-top-section elementor-element elementor-element-91f8fc7 elementor-section-boxed elementor-section-height-default elementor-section-height-default\" data-id=\"91f8fc7\" data-element_type=\"section\">\n\t\t\t\t\t\t<div class=\"elementor-container elementor-column-gap-default\">\n\t\t\t\t\t<div class=\"elementor-column elementor-col-100 elementor-top-column elementor-element elementor-element-84912f9\" data-id=\"84912f9\" data-element_type=\"column\">\n\t\t\t<div class=\"elementor-widget-wrap elementor-element-populated\">\n\t\t\t\t\t\t\t\t<div class=\"elementor-element elementor-element-16f935a elementor-aspect-ratio-169 elementor-widget elementor-widget-video\" data-id=\"16f935a\" data-element_type=\"widget\" data-settings=\"{&quot;youtube_url&quot;:&quot;https:\\\/\\\/www.youtube.com\\\/watch?v=9EW2hXcQZI0&amp;ab_channel=TheStreets&quot;,&quot;video_type&quot;:&quot;youtube&quot;,&quot;controls&quot;:&quot;yes&quot;,&quot;aspect_ratio&quot;:&quot;169&quot;}\" data-widget_type=\"video.default\">\n\t\t\t\t<div class=\"elementor-widget-container\">\n\t\t\t\t\t<div class=\"elementor-wrapper elementor-fit-aspect-ratio elementor-open-inline\">\n\t\t\t<div class=\"elementor-video\"><\/div>\t\t<\/div>\n\t\t\t\t<\/div>\n\t\t\t\t<\/div>\n\t\t\t\t\t<\/div>\n\t\t<\/div>\n\t\t\t\t\t\t\t<\/div>\n\t\t<\/section>\n\t\t\t\t<section class=\"elementor-section elementor-top-section elementor-element elementor-element-f983a4c elementor-section-full_width elementor-section-height-default elementor-section-height-default\" data-id=\"f983a4c\" data-element_type=\"section\" data-settings=\"{&quot;background_background&quot;:&quot;classic&quot;}\">\n\t\t\t\t\t\t<div class=\"elementor-container elementor-column-gap-default\">\n\t\t\t\t\t<div class=\"elementor-column elementor-col-100 elementor-top-column elementor-element elementor-element-012ee65\" data-id=\"012ee65\" data-element_type=\"column\" data-settings=\"{&quot;background_background&quot;:&quot;classic&quot;}\">\n\t\t\t<div class=\"elementor-widget-wrap elementor-element-populated\">\n\t\t\t\t\t<div class=\"elementor-background-overlay\"><\/div>\n\t\t\t\t\t\t\t\t<div class=\"elementor-element elementor-element-d76da65 elementor-widget elementor-widget-heading\" data-id=\"d76da65\" data-element_type=\"widget\" data-widget_type=\"heading.default\">\n\t\t\t\t<div class=\"elementor-widget-container\">\n\t\t\t<h2 class=\"elementor-heading-title elementor-size-default\">V\u00edt Krej\u010d\u00ed<\/h2>\t\t<\/div>\n\t\t\t\t<\/div>\n\t\t\t\t<div class=\"elementor-element elementor-element-bc54fed elementor-widget elementor-widget-text-editor\" data-id=\"bc54fed\" data-element_type=\"widget\" data-widget_type=\"text-editor.default\">\n\t\t\t\t<div class=\"elementor-widget-container\">\n\t\t\t\t\t\t\t<div id=\"page-zones__main-widgets__5f67c94dd50ce\" class=\"widget widget--zone-widget js-widget style--light height--default\" data-name=\"row\" data-uniqueid=\"0LzWx1fRSeFf7oe\" data-parentuniqueid=\"AsQicNtlarH3JBu\"><div class=\"row row--style-light row--height-default row--vertical-align-top row--background-type-color row--width-contained row--text-1a row--layout-text-1a js-row\" data-rowtype=\"text-1a\"><div class=\"row__container js-row-container\"><div id=\"page-zones__main-widgets__5f67c94dd50ce-widgets__5f67c94e00145\" class=\"widget widget--zone-widget js-widget\" data-name=\"contentgroup\" data-uniqueid=\"ew8fBiU4D16TbqH\" data-parentuniqueid=\"0LzWx1fRSeFf7oe\"><div id=\"\" class=\"widget__contentgroup contentgroup contentgroup--center contentgroup--regular \"><div class=\"contentgroup__content\"><div class=\"contentgroup__body-wrapper\"><div class=\"contentgroup__text-wrapper\"><div class=\"contentgroup__body \"><div id=\"page-zones__main-widgets__5f5e06dc0f536-widgets__6059f9ff4c62e\" class=\"widget widget--zone-widget js-widget\" data-name=\"contentgroup\" data-uniqueid=\"K8iLVt9rISkqpXd\" data-parentuniqueid=\"97C3mGMzjweAQ0A\"><div id=\"\" class=\"widget__contentgroup contentgroup contentgroup--center contentgroup--regular \"><div class=\"contentgroup__content\"><div class=\"contentgroup__body-wrapper\"><div class=\"contentgroup__text-wrapper\"><div class=\"contentgroup__body \"><p class=\"_04xlpA direction-ltr align-center para-style-body\">We have an interview with an NBA player! Vit Krejci has taken his opportunity with the OKC Thunder very well and has even started in the starting lineup. What is the life of an NBA player like, how does the preparation for games look like physically and mentally, which player impressed him the most and which one trash-talked him the most? That and a lot of inside NBA stuff you\u2019ll find out in this episode. Enjoy.<\/p><\/div><\/div><\/div><\/div><\/div><\/div><div id=\"page-zones__main-widgets__5f5e06dc0f536-widgets__6059fa03a136a\" class=\"widget widget--zone-widget js-widget\" data-name=\"image\" data-uniqueid=\"vWfhAgFcMOtic6d\" data-parentuniqueid=\"97C3mGMzjweAQ0A\"><div class=\"bk-image imagewidget widget__imagewidget widget-align-center\">\u00a0<\/div><\/div><\/div><\/div><\/div><\/div><\/div><\/div><\/div><\/div><\/div>\t\t\t\t\t\t<\/div>\n\t\t\t\t<\/div>\n\t\t\t\t\t<\/div>\n\t\t<\/div>\n\t\t\t\t\t\t\t<\/div>\n\t\t<\/section>\n\t\t\t\t<section class=\"elementor-section elementor-top-section elementor-element elementor-element-08da6d1 elementor-section-boxed elementor-section-height-default elementor-section-height-default\" data-id=\"08da6d1\" data-element_type=\"section\">\n\t\t\t\t\t\t<div class=\"elementor-container elementor-column-gap-default\">\n\t\t\t\t\t<div class=\"elementor-column elementor-col-100 elementor-top-column elementor-element elementor-element-0d7bc01\" data-id=\"0d7bc01\" data-element_type=\"column\">\n\t\t\t<div class=\"elementor-widget-wrap elementor-element-populated\">\n\t\t\t\t\t\t\t\t<div class=\"elementor-element elementor-element-b116316 elementor-aspect-ratio-169 elementor-widget elementor-widget-video\" data-id=\"b116316\" data-element_type=\"widget\" data-settings=\"{&quot;youtube_url&quot;:&quot;https:\\\/\\\/www.youtube.com\\\/watch?v=pa_lsAKi8V0&quot;,&quot;video_type&quot;:&quot;youtube&quot;,&quot;controls&quot;:&quot;yes&quot;,&quot;aspect_ratio&quot;:&quot;169&quot;}\" data-widget_type=\"video.default\">\n\t\t\t\t<div class=\"elementor-widget-container\">\n\t\t\t\t\t<div class=\"elementor-wrapper elementor-fit-aspect-ratio elementor-open-inline\">\n\t\t\t<div class=\"elementor-video\"><\/div>\t\t<\/div>\n\t\t\t\t<\/div>\n\t\t\t\t<\/div>\n\t\t\t\t\t<\/div>\n\t\t<\/div>\n\t\t\t\t\t\t\t<\/div>\n\t\t<\/section>\n\t\t\t\t\t\t<\/div>\n\t\t\t\t\t<\/div>\n\t\t","protected":false},"excerpt":{"rendered":"<p>Buzzer Beater video podcast Buzzer Beater is our new project, a video podcast that is being published every week on our Youtube channel. It focuses mainly on NBA topics. The first episode had a great success among the fans, we received plenty of positive feedback on social media. You can find an audio version on&hellip; <a class=\"more-link\" href=\"https:\/\/www.recapofthestreets.eu\/index.php\/home\/stories\/buzzer-beater\/\">Pokra\u010dova\u0165 v \u010d\u00edtan\u00ed <span class=\"screen-reader-text\">Buzzer Beater<\/span><\/a><\/p>\n","protected":false},"author":1,"featured_media":0,"parent":81,"menu_order":0,"comment_status":"closed","ping_status":"closed","template":"elementor_header_footer","meta":{"footnotes":""},"class_list":["post-3100","page","type-page","status-publish","hentry","entry"],"_links":{"self":[{"href":"https:\/\/www.recapofthestreets.eu\/index.php\/wp-json\/wp\/v2\/pages\/3100","targetHints":{"allow":["GET"]}}],"collection":[{"href":"https:\/\/www.recapofthestreets.eu\/index.php\/wp-json\/wp\/v2\/pages"}],"about":[{"href":"https:\/\/www.recapofthestreets.eu\/index.php\/wp-json\/wp\/v2\/types\/page"}],"author":[{"embeddable":true,"href":"https:\/\/www.recapofthestreets.eu\/index.php\/wp-json\/wp\/v2\/users\/1"}],"replies":[{"embeddable":true,"href":"https:\/\/www.recapofthestreets.eu\/index.php\/wp-json\/wp\/v2\/comments?post=3100"}],"version-history":[{"count":26,"href":"https:\/\/www.recapofthestreets.eu\/index.php\/wp-json\/wp\/v2\/pages\/3100\/revisions"}],"predecessor-version":[{"id":4204,"href":"https:\/\/www.recapofthestreets.eu\/index.php\/wp-json\/wp\/v2\/pages\/3100\/revisions\/4204"}],"up":[{"embeddable":true,"href":"https:\/\/www.recapofthestreets.eu\/index.php\/wp-json\/wp\/v2\/pages\/81"}],"wp:attachment":[{"href":"https:\/\/www.recapofthestreets.eu\/index.php\/wp-json\/wp\/v2\/media?parent=3100"}],"curies":[{"name":"wp","href":"https:\/\/api.w.org\/{rel}","templated":true}]}}