{"id":2025,"date":"2021-10-27T12:46:01","date_gmt":"2021-10-27T10:46:01","guid":{"rendered":"https:\/\/www.recapofthestreets.eu\/?page_id=2025"},"modified":"2021-11-08T15:22:59","modified_gmt":"2021-11-08T14:22:59","slug":"joe-trendy-nba-show","status":"publish","type":"page","link":"https:\/\/www.recapofthestreets.eu\/index.php\/home\/stories\/joe-trendy-nba-show\/","title":{"rendered":"Joe Trendy NBA Show"},"content":{"rendered":"\t\t<div data-elementor-type=\"wp-page\" data-elementor-id=\"2025\" class=\"elementor elementor-2025\" data-elementor-settings=\"[]\">\n\t\t\t\t\t\t\t<div class=\"elementor-section-wrap\">\n\t\t\t\t\t\t\t<section class=\"elementor-section elementor-top-section elementor-element elementor-element-47b7af9 elementor-section-full_width elementor-section-height-min-height elementor-section-height-default elementor-section-items-middle\" data-id=\"47b7af9\" data-element_type=\"section\" data-settings=\"{&quot;background_background&quot;:&quot;classic&quot;}\">\n\t\t\t\t\t\t\t<div class=\"elementor-background-overlay\"><\/div>\n\t\t\t\t\t\t\t<div class=\"elementor-container elementor-column-gap-default\">\n\t\t\t\t\t<div class=\"elementor-column elementor-col-100 elementor-top-column elementor-element elementor-element-e330703\" data-id=\"e330703\" data-element_type=\"column\">\n\t\t\t<div class=\"elementor-widget-wrap elementor-element-populated\">\n\t\t\t\t\t\t\t\t<div class=\"elementor-element elementor-element-9c9cae7 elementor-widget elementor-widget-heading\" data-id=\"9c9cae7\" data-element_type=\"widget\" data-widget_type=\"heading.default\">\n\t\t\t\t<div class=\"elementor-widget-container\">\n\t\t\t<h2 class=\"elementor-heading-title elementor-size-default\">joe trendy nba show & podcast<\/h2>\t\t<\/div>\n\t\t\t\t<\/div>\n\t\t\t\t\t<\/div>\n\t\t<\/div>\n\t\t\t\t\t\t\t<\/div>\n\t\t<\/section>\n\t\t\t\t<section class=\"elementor-section elementor-top-section elementor-element elementor-element-772dd5e elementor-section-full_width elementor-section-height-default elementor-section-height-default\" data-id=\"772dd5e\" data-element_type=\"section\" data-settings=\"{&quot;background_background&quot;:&quot;classic&quot;}\">\n\t\t\t\t\t\t<div class=\"elementor-container elementor-column-gap-default\">\n\t\t\t\t\t<div class=\"elementor-column elementor-col-100 elementor-top-column elementor-element elementor-element-224f0d5\" data-id=\"224f0d5\" data-element_type=\"column\" data-settings=\"{&quot;background_background&quot;:&quot;classic&quot;}\">\n\t\t\t<div class=\"elementor-widget-wrap elementor-element-populated\">\n\t\t\t\t\t<div class=\"elementor-background-overlay\"><\/div>\n\t\t\t\t\t\t\t\t<div class=\"elementor-element elementor-element-b18411c elementor-widget elementor-widget-heading\" data-id=\"b18411c\" data-element_type=\"widget\" data-widget_type=\"heading.default\">\n\t\t\t\t<div class=\"elementor-widget-container\">\n\t\t\t<h2 class=\"elementor-heading-title elementor-size-default\">fresh news every week<\/h2>\t\t<\/div>\n\t\t\t\t<\/div>\n\t\t\t\t<div class=\"elementor-element elementor-element-cc23d6b elementor-widget elementor-widget-text-editor\" data-id=\"cc23d6b\" data-element_type=\"widget\" data-widget_type=\"text-editor.default\">\n\t\t\t\t<div class=\"elementor-widget-container\">\n\t\t\t\t\t\t\t<div id=\"page-zones__main-widgets__5f67c94dd50ce\" class=\"widget widget--zone-widget js-widget style--light height--default\" data-name=\"row\" data-uniqueid=\"0LzWx1fRSeFf7oe\" data-parentuniqueid=\"AsQicNtlarH3JBu\"><div class=\"row row--style-light row--height-default row--vertical-align-top row--background-type-color row--width-contained row--text-1a row--layout-text-1a js-row\" data-rowtype=\"text-1a\"><div class=\"row__container js-row-container\"><div id=\"page-zones__main-widgets__5f67c94dd50ce-widgets__5f67c94e00145\" class=\"widget widget--zone-widget js-widget\" data-name=\"contentgroup\" data-uniqueid=\"ew8fBiU4D16TbqH\" data-parentuniqueid=\"0LzWx1fRSeFf7oe\"><div id=\"\" class=\"widget__contentgroup contentgroup contentgroup--center contentgroup--regular \"><div class=\"contentgroup__content\"><div class=\"contentgroup__body-wrapper\"><div class=\"contentgroup__text-wrapper\"><div class=\"contentgroup__body \"><p class=\"p1\">The NBA show focuses on the best that the week has brought. Joe Trendy, local anchor, comedian and basketball geek presents the best moments of the week, the worst and the middle as he says. He is a big Kobe fan, also loves Brooklyn.\u00a0<\/p><\/div><\/div><\/div><\/div><\/div><\/div><\/div><\/div><\/div>\t\t\t\t\t\t<\/div>\n\t\t\t\t<\/div>\n\t\t\t\t\t<\/div>\n\t\t<\/div>\n\t\t\t\t\t\t\t<\/div>\n\t\t<\/section>\n\t\t\t\t<section class=\"elementor-section elementor-top-section elementor-element elementor-element-fe7ba5d elementor-section-boxed elementor-section-height-default elementor-section-height-default\" data-id=\"fe7ba5d\" data-element_type=\"section\">\n\t\t\t\t\t\t<div class=\"elementor-container elementor-column-gap-default\">\n\t\t\t\t\t<div class=\"elementor-column elementor-col-100 elementor-top-column elementor-element elementor-element-4312765\" data-id=\"4312765\" data-element_type=\"column\">\n\t\t\t<div class=\"elementor-widget-wrap elementor-element-populated\">\n\t\t\t\t\t\t\t\t<div class=\"elementor-element elementor-element-d1f284d elementor-widget elementor-widget-image\" data-id=\"d1f284d\" data-element_type=\"widget\" data-widget_type=\"image.default\">\n\t\t\t\t<div class=\"elementor-widget-container\">\n\t\t\t\t\t\t\t\t\t\t\t\t\t\t\t<img loading=\"lazy\" decoding=\"async\" width=\"750\" height=\"422\" src=\"https:\/\/www.recapofthestreets.eu\/wp-content\/uploads\/2021\/10\/3b564453-0a60-4402-80b2-28fb87a0bea1-1024x576.png\" class=\"attachment-large size-large\" alt=\"joe trendy nba show the streets\" srcset=\"https:\/\/www.recapofthestreets.eu\/wp-content\/uploads\/2021\/10\/3b564453-0a60-4402-80b2-28fb87a0bea1-1024x576.png 1024w, https:\/\/www.recapofthestreets.eu\/wp-content\/uploads\/2021\/10\/3b564453-0a60-4402-80b2-28fb87a0bea1-300x169.png 300w, https:\/\/www.recapofthestreets.eu\/wp-content\/uploads\/2021\/10\/3b564453-0a60-4402-80b2-28fb87a0bea1-768x432.png 768w, https:\/\/www.recapofthestreets.eu\/wp-content\/uploads\/2021\/10\/3b564453-0a60-4402-80b2-28fb87a0bea1-1536x864.png 1536w, https:\/\/www.recapofthestreets.eu\/wp-content\/uploads\/2021\/10\/3b564453-0a60-4402-80b2-28fb87a0bea1-1568x882.png 1568w, https:\/\/www.recapofthestreets.eu\/wp-content\/uploads\/2021\/10\/3b564453-0a60-4402-80b2-28fb87a0bea1.png 1680w\" sizes=\"auto, (max-width: 750px) 100vw, 750px\" style=\"width:100%;height:56.25%;max-width:1680px\" \/>\t\t\t\t\t\t\t\t\t\t\t\t\t\t\t<\/div>\n\t\t\t\t<\/div>\n\t\t\t\t\t<\/div>\n\t\t<\/div>\n\t\t\t\t\t\t\t<\/div>\n\t\t<\/section>\n\t\t\t\t<section class=\"elementor-section elementor-top-section elementor-element elementor-element-bf807fd elementor-section-boxed elementor-section-height-default elementor-section-height-default\" data-id=\"bf807fd\" data-element_type=\"section\">\n\t\t\t\t\t\t<div class=\"elementor-container elementor-column-gap-default\">\n\t\t\t\t\t<div class=\"elementor-column elementor-col-100 elementor-top-column elementor-element elementor-element-d2f3ca1\" data-id=\"d2f3ca1\" data-element_type=\"column\">\n\t\t\t<div class=\"elementor-widget-wrap elementor-element-populated\">\n\t\t\t\t\t\t\t\t<div class=\"elementor-element elementor-element-e378771 elementor-widget elementor-widget-gallery\" data-id=\"e378771\" data-element_type=\"widget\" data-settings=\"{&quot;columns&quot;:3,&quot;aspect_ratio&quot;:&quot;1:1&quot;,&quot;columns_mobile&quot;:3,&quot;gallery_layout&quot;:&quot;grid&quot;,&quot;columns_tablet&quot;:2,&quot;gap&quot;:{&quot;unit&quot;:&quot;px&quot;,&quot;size&quot;:10,&quot;sizes&quot;:[]},&quot;gap_tablet&quot;:{&quot;unit&quot;:&quot;px&quot;,&quot;size&quot;:10,&quot;sizes&quot;:[]},&quot;gap_mobile&quot;:{&quot;unit&quot;:&quot;px&quot;,&quot;size&quot;:10,&quot;sizes&quot;:[]},&quot;link_to&quot;:&quot;file&quot;,&quot;overlay_background&quot;:&quot;yes&quot;,&quot;content_hover_animation&quot;:&quot;fade-in&quot;}\" data-widget_type=\"gallery.default\">\n\t\t\t\t<div class=\"elementor-widget-container\">\n\t\t\t\t\t<div class=\"elementor-gallery__container\">\n\t\t\t\t\t\t\t<a class=\"e-gallery-item elementor-gallery-item elementor-animated-content\" href=\"https:\/\/www.recapofthestreets.eu\/wp-content\/uploads\/2021\/10\/9ca74c14-fb0c-4a78-9694-c67dfbae6da1.jpeg\" data-elementor-open-lightbox=\"yes\" data-elementor-lightbox-slideshow=\"all-e378771\">\n\t\t\t\t\t<div class=\"e-gallery-image elementor-gallery-item__image\" data-thumbnail=\"https:\/\/www.recapofthestreets.eu\/wp-content\/uploads\/2021\/10\/9ca74c14-fb0c-4a78-9694-c67dfbae6da1-995x1024.jpeg\" data-width=\"750\" data-height=\"772\" alt=\"joe trendy nba show the streets\" ><\/div>\n\t\t\t\t\t\t\t\t\t\t<div class=\"elementor-gallery-item__overlay\"><\/div>\n\t\t\t\t\t\t\t\t\t\t\t\t\t\t<\/a>\n\t\t\t\t\t\t\t<a class=\"e-gallery-item elementor-gallery-item elementor-animated-content\" href=\"https:\/\/www.recapofthestreets.eu\/wp-content\/uploads\/2021\/10\/26c37dde-65fb-4c3f-bc9a-321bd432ceb2.jpeg\" data-elementor-open-lightbox=\"yes\" data-elementor-lightbox-slideshow=\"all-e378771\">\n\t\t\t\t\t<div class=\"e-gallery-image elementor-gallery-item__image\" data-thumbnail=\"https:\/\/www.recapofthestreets.eu\/wp-content\/uploads\/2021\/10\/26c37dde-65fb-4c3f-bc9a-321bd432ceb2-1024x963.jpeg\" data-width=\"750\" data-height=\"705\" alt=\"joe trendy nba show the streets\" ><\/div>\n\t\t\t\t\t\t\t\t\t\t<div class=\"elementor-gallery-item__overlay\"><\/div>\n\t\t\t\t\t\t\t\t\t\t\t\t\t\t<\/a>\n\t\t\t\t\t\t\t<a class=\"e-gallery-item elementor-gallery-item elementor-animated-content\" href=\"https:\/\/www.recapofthestreets.eu\/wp-content\/uploads\/2021\/10\/56421e1a-a7fd-400c-a42c-219ff2a87779.jpeg\" data-elementor-open-lightbox=\"yes\" data-elementor-lightbox-slideshow=\"all-e378771\">\n\t\t\t\t\t<div class=\"e-gallery-image elementor-gallery-item__image\" data-thumbnail=\"https:\/\/www.recapofthestreets.eu\/wp-content\/uploads\/2021\/10\/56421e1a-a7fd-400c-a42c-219ff2a87779-1024x984.jpeg\" data-width=\"750\" data-height=\"721\" alt=\"joe trendy nba show the streets\" ><\/div>\n\t\t\t\t\t\t\t\t\t\t<div class=\"elementor-gallery-item__overlay\"><\/div>\n\t\t\t\t\t\t\t\t\t\t\t\t\t\t<\/a>\n\t\t\t\t\t<\/div>\n\t\t\t<\/div>\n\t\t\t\t<\/div>\n\t\t\t\t\t<\/div>\n\t\t<\/div>\n\t\t\t\t\t\t\t<\/div>\n\t\t<\/section>\n\t\t\t\t<section class=\"elementor-section elementor-top-section elementor-element elementor-element-75f769a elementor-section-full_width elementor-section-height-default elementor-section-height-default\" data-id=\"75f769a\" data-element_type=\"section\" data-settings=\"{&quot;background_background&quot;:&quot;classic&quot;}\">\n\t\t\t\t\t\t<div class=\"elementor-container elementor-column-gap-default\">\n\t\t\t\t\t<div class=\"elementor-column elementor-col-100 elementor-top-column elementor-element elementor-element-afa3b0d\" data-id=\"afa3b0d\" data-element_type=\"column\" data-settings=\"{&quot;background_background&quot;:&quot;classic&quot;}\">\n\t\t\t<div class=\"elementor-widget-wrap elementor-element-populated\">\n\t\t\t\t\t<div class=\"elementor-background-overlay\"><\/div>\n\t\t\t\t\t\t\t\t<div class=\"elementor-element elementor-element-dc16500 elementor-widget elementor-widget-heading\" data-id=\"dc16500\" data-element_type=\"widget\" data-widget_type=\"heading.default\">\n\t\t\t\t<div class=\"elementor-widget-container\">\n\t\t\t<h2 class=\"elementor-heading-title elementor-size-default\">Joe is no newbie<\/h2>\t\t<\/div>\n\t\t\t\t<\/div>\n\t\t\t\t<div class=\"elementor-element elementor-element-85f6bde elementor-widget elementor-widget-text-editor\" data-id=\"85f6bde\" data-element_type=\"widget\" data-widget_type=\"text-editor.default\">\n\t\t\t\t<div class=\"elementor-widget-container\">\n\t\t\t\t\t\t\t<div id=\"page-zones__main-widgets__5f67c94dd50ce\" class=\"widget widget--zone-widget js-widget style--light height--default\" data-name=\"row\" data-uniqueid=\"0LzWx1fRSeFf7oe\" data-parentuniqueid=\"AsQicNtlarH3JBu\"><div class=\"row row--style-light row--height-default row--vertical-align-top row--background-type-color row--width-contained row--text-1a row--layout-text-1a js-row\" data-rowtype=\"text-1a\"><div class=\"row__container js-row-container\"><div id=\"page-zones__main-widgets__5f67c94dd50ce-widgets__5f67c94e00145\" class=\"widget widget--zone-widget js-widget\" data-name=\"contentgroup\" data-uniqueid=\"ew8fBiU4D16TbqH\" data-parentuniqueid=\"0LzWx1fRSeFf7oe\"><div id=\"\" class=\"widget__contentgroup contentgroup contentgroup--center contentgroup--regular \"><div class=\"contentgroup__content\"><div class=\"contentgroup__body-wrapper\"><div class=\"contentgroup__text-wrapper\"><div class=\"contentgroup__body \"><p class=\"p1\">Averaging around 10,000 views, thousands of likes and great feedback. The NBA show entertains people across Slovakia and Czech Republic. In addition to the NBA, we have also included news from the domestic league in the latest video.<\/p><\/div><\/div><\/div><\/div><\/div><\/div><\/div><\/div><\/div>\t\t\t\t\t\t<\/div>\n\t\t\t\t<\/div>\n\t\t\t\t\t<\/div>\n\t\t<\/div>\n\t\t\t\t\t\t\t<\/div>\n\t\t<\/section>\n\t\t\t\t<section class=\"elementor-section elementor-top-section elementor-element elementor-element-218db67 elementor-section-boxed elementor-section-height-default elementor-section-height-default\" data-id=\"218db67\" data-element_type=\"section\">\n\t\t\t\t\t\t<div class=\"elementor-container elementor-column-gap-default\">\n\t\t\t\t\t<div class=\"elementor-column elementor-col-100 elementor-top-column elementor-element elementor-element-e5e41d6\" data-id=\"e5e41d6\" data-element_type=\"column\">\n\t\t\t<div class=\"elementor-widget-wrap elementor-element-populated\">\n\t\t\t\t\t\t\t\t<div class=\"elementor-element elementor-element-bcabacf elementor-widget elementor-widget-gallery\" data-id=\"bcabacf\" data-element_type=\"widget\" data-settings=\"{&quot;aspect_ratio&quot;:&quot;9:16&quot;,&quot;columns_mobile&quot;:2,&quot;gallery_layout&quot;:&quot;grid&quot;,&quot;columns&quot;:4,&quot;columns_tablet&quot;:2,&quot;gap&quot;:{&quot;unit&quot;:&quot;px&quot;,&quot;size&quot;:10,&quot;sizes&quot;:[]},&quot;gap_tablet&quot;:{&quot;unit&quot;:&quot;px&quot;,&quot;size&quot;:10,&quot;sizes&quot;:[]},&quot;gap_mobile&quot;:{&quot;unit&quot;:&quot;px&quot;,&quot;size&quot;:10,&quot;sizes&quot;:[]},&quot;link_to&quot;:&quot;file&quot;,&quot;overlay_background&quot;:&quot;yes&quot;,&quot;content_hover_animation&quot;:&quot;fade-in&quot;}\" data-widget_type=\"gallery.default\">\n\t\t\t\t<div class=\"elementor-widget-container\">\n\t\t\t\t\t<div class=\"elementor-gallery__container\">\n\t\t\t\t\t\t\t<a class=\"e-gallery-item elementor-gallery-item elementor-animated-content\" href=\"https:\/\/www.recapofthestreets.eu\/wp-content\/uploads\/2021\/10\/248583486_275912054415379_8294069352486082643_n.png\" data-elementor-open-lightbox=\"yes\" data-elementor-lightbox-slideshow=\"all-bcabacf\">\n\t\t\t\t\t<div class=\"e-gallery-image elementor-gallery-item__image\" data-thumbnail=\"https:\/\/www.recapofthestreets.eu\/wp-content\/uploads\/2021\/10\/248583486_275912054415379_8294069352486082643_n-576x1024.png\" data-width=\"576\" data-height=\"1024\" alt=\"joe trendy nba show the streets\" ><\/div>\n\t\t\t\t\t\t\t\t\t\t<div class=\"elementor-gallery-item__overlay\"><\/div>\n\t\t\t\t\t\t\t\t\t\t\t\t\t\t<\/a>\n\t\t\t\t\t\t\t<a class=\"e-gallery-item elementor-gallery-item elementor-animated-content\" href=\"https:\/\/www.recapofthestreets.eu\/wp-content\/uploads\/2021\/10\/247110126_368939921692861_8804947118416790103_n.png\" data-elementor-open-lightbox=\"yes\" data-elementor-lightbox-slideshow=\"all-bcabacf\">\n\t\t\t\t\t<div class=\"e-gallery-image elementor-gallery-item__image\" data-thumbnail=\"https:\/\/www.recapofthestreets.eu\/wp-content\/uploads\/2021\/10\/247110126_368939921692861_8804947118416790103_n-576x1024.png\" data-width=\"576\" data-height=\"1024\" alt=\"joe trendy nba show the streets\" ><\/div>\n\t\t\t\t\t\t\t\t\t\t<div class=\"elementor-gallery-item__overlay\"><\/div>\n\t\t\t\t\t\t\t\t\t\t\t\t\t\t<\/a>\n\t\t\t\t\t\t\t<a class=\"e-gallery-item elementor-gallery-item elementor-animated-content\" href=\"https:\/\/www.recapofthestreets.eu\/wp-content\/uploads\/2021\/10\/249008323_1062776711218218_3886090928255708076_n.png\" data-elementor-open-lightbox=\"yes\" data-elementor-lightbox-slideshow=\"all-bcabacf\">\n\t\t\t\t\t<div class=\"e-gallery-image elementor-gallery-item__image\" data-thumbnail=\"https:\/\/www.recapofthestreets.eu\/wp-content\/uploads\/2021\/10\/249008323_1062776711218218_3886090928255708076_n-576x1024.png\" data-width=\"576\" data-height=\"1024\" alt=\"joe trendy nba show the streets\" ><\/div>\n\t\t\t\t\t\t\t\t\t\t<div class=\"elementor-gallery-item__overlay\"><\/div>\n\t\t\t\t\t\t\t\t\t\t\t\t\t\t<\/a>\n\t\t\t\t\t\t\t<a class=\"e-gallery-item elementor-gallery-item elementor-animated-content\" href=\"https:\/\/www.recapofthestreets.eu\/wp-content\/uploads\/2021\/10\/249468947_1080476332753393_8853632938458641059_n.png\" data-elementor-open-lightbox=\"yes\" data-elementor-lightbox-slideshow=\"all-bcabacf\">\n\t\t\t\t\t<div class=\"e-gallery-image elementor-gallery-item__image\" data-thumbnail=\"https:\/\/www.recapofthestreets.eu\/wp-content\/uploads\/2021\/10\/249468947_1080476332753393_8853632938458641059_n-576x1024.png\" data-width=\"576\" data-height=\"1024\" alt=\"\" ><\/div>\n\t\t\t\t\t\t\t\t\t\t<div class=\"elementor-gallery-item__overlay\"><\/div>\n\t\t\t\t\t\t\t\t\t\t\t\t\t\t<\/a>\n\t\t\t\t\t<\/div>\n\t\t\t<\/div>\n\t\t\t\t<\/div>\n\t\t\t\t\t<\/div>\n\t\t<\/div>\n\t\t\t\t\t\t\t<\/div>\n\t\t<\/section>\n\t\t\t\t<section class=\"elementor-section elementor-top-section elementor-element elementor-element-51c14d9 elementor-section-full_width elementor-section-height-default elementor-section-height-default\" data-id=\"51c14d9\" data-element_type=\"section\" data-settings=\"{&quot;background_background&quot;:&quot;classic&quot;}\">\n\t\t\t\t\t\t<div class=\"elementor-container elementor-column-gap-default\">\n\t\t\t\t\t<div class=\"elementor-column elementor-col-100 elementor-top-column elementor-element elementor-element-d59d682\" data-id=\"d59d682\" data-element_type=\"column\" data-settings=\"{&quot;background_background&quot;:&quot;classic&quot;}\">\n\t\t\t<div class=\"elementor-widget-wrap elementor-element-populated\">\n\t\t\t\t\t<div class=\"elementor-background-overlay\"><\/div>\n\t\t\t\t\t\t\t\t<div class=\"elementor-element elementor-element-d6f742a elementor-widget elementor-widget-heading\" data-id=\"d6f742a\" data-element_type=\"widget\" data-widget_type=\"heading.default\">\n\t\t\t\t<div class=\"elementor-widget-container\">\n\t\t\t<h2 class=\"elementor-heading-title elementor-size-default\">podcast<\/h2>\t\t<\/div>\n\t\t\t\t<\/div>\n\t\t\t\t<div class=\"elementor-element elementor-element-3bde727 elementor-widget elementor-widget-text-editor\" data-id=\"3bde727\" data-element_type=\"widget\" data-widget_type=\"text-editor.default\">\n\t\t\t\t<div class=\"elementor-widget-container\">\n\t\t\t\t\t\t\t<div id=\"page-zones__main-widgets__5f67c94dd50ce\" class=\"widget widget--zone-widget js-widget style--light height--default\" data-name=\"row\" data-uniqueid=\"0LzWx1fRSeFf7oe\" data-parentuniqueid=\"AsQicNtlarH3JBu\"><div class=\"row row--style-light row--height-default row--vertical-align-top row--background-type-color row--width-contained row--text-1a row--layout-text-1a js-row\" data-rowtype=\"text-1a\"><div class=\"row__container js-row-container\"><div id=\"page-zones__main-widgets__5f67c94dd50ce-widgets__5f67c94e00145\" class=\"widget widget--zone-widget js-widget\" data-name=\"contentgroup\" data-uniqueid=\"ew8fBiU4D16TbqH\" data-parentuniqueid=\"0LzWx1fRSeFf7oe\"><div id=\"\" class=\"widget__contentgroup contentgroup contentgroup--center contentgroup--regular \"><div class=\"contentgroup__content\"><div class=\"contentgroup__body-wrapper\"><div class=\"contentgroup__text-wrapper\"><div class=\"contentgroup__body \"><p class=\"p1\">Averaging around 10,000 views, thousands of likes and great feedback. The NBA show entertains people across Slovakia and Czech Republic. In addition to the NBA, we have also included news from the domestic league in the latest video.<\/p><\/div><\/div><\/div><\/div><\/div><\/div><\/div><\/div><\/div>\t\t\t\t\t\t<\/div>\n\t\t\t\t<\/div>\n\t\t\t\t\t<\/div>\n\t\t<\/div>\n\t\t\t\t\t\t\t<\/div>\n\t\t<\/section>\n\t\t\t\t<section class=\"elementor-section elementor-top-section elementor-element elementor-element-2f89beb elementor-section-boxed elementor-section-height-default elementor-section-height-default\" data-id=\"2f89beb\" data-element_type=\"section\">\n\t\t\t\t\t\t<div class=\"elementor-container elementor-column-gap-default\">\n\t\t\t\t\t<div class=\"elementor-column elementor-col-100 elementor-top-column elementor-element elementor-element-4dcf30b\" data-id=\"4dcf30b\" data-element_type=\"column\">\n\t\t\t<div class=\"elementor-widget-wrap elementor-element-populated\">\n\t\t\t\t\t\t\t\t<div class=\"elementor-element elementor-element-5328526 elementor-widget elementor-widget-image\" data-id=\"5328526\" data-element_type=\"widget\" data-widget_type=\"image.default\">\n\t\t\t\t<div class=\"elementor-widget-container\">\n\t\t\t\t\t\t\t\t\t\t\t\t\t\t\t<img loading=\"lazy\" decoding=\"async\" width=\"750\" height=\"420\" src=\"https:\/\/www.recapofthestreets.eu\/wp-content\/uploads\/2021\/10\/Screenshot-2021-10-27-at-14.31.35-1024x573.png\" class=\"attachment-large size-large\" alt=\"\" srcset=\"https:\/\/www.recapofthestreets.eu\/wp-content\/uploads\/2021\/10\/Screenshot-2021-10-27-at-14.31.35-1024x573.png 1024w, https:\/\/www.recapofthestreets.eu\/wp-content\/uploads\/2021\/10\/Screenshot-2021-10-27-at-14.31.35-300x168.png 300w, https:\/\/www.recapofthestreets.eu\/wp-content\/uploads\/2021\/10\/Screenshot-2021-10-27-at-14.31.35-768x430.png 768w, https:\/\/www.recapofthestreets.eu\/wp-content\/uploads\/2021\/10\/Screenshot-2021-10-27-at-14.31.35-1536x859.png 1536w, https:\/\/www.recapofthestreets.eu\/wp-content\/uploads\/2021\/10\/Screenshot-2021-10-27-at-14.31.35-2048x1146.png 2048w, https:\/\/www.recapofthestreets.eu\/wp-content\/uploads\/2021\/10\/Screenshot-2021-10-27-at-14.31.35-1568x877.png 1568w\" sizes=\"auto, (max-width: 750px) 100vw, 750px\" style=\"width:100%;height:55.94%;max-width:2810px\" \/>\t\t\t\t\t\t\t\t\t\t\t\t\t\t\t<\/div>\n\t\t\t\t<\/div>\n\t\t\t\t\t<\/div>\n\t\t<\/div>\n\t\t\t\t\t\t\t<\/div>\n\t\t<\/section>\n\t\t\t\t\t\t<\/div>\n\t\t\t\t\t<\/div>\n\t\t","protected":false},"excerpt":{"rendered":"<p>joe trendy nba show &#038; podcast fresh news every week The NBA show focuses on the best that the week has brought. Joe Trendy, local anchor, comedian and basketball geek presents the best moments of the week, the worst and the middle as he says. He is a big Kobe fan, also loves Brooklyn.\u00a0 Joe&hellip; <a class=\"more-link\" href=\"https:\/\/www.recapofthestreets.eu\/index.php\/home\/stories\/joe-trendy-nba-show\/\">Pokra\u010dova\u0165 v \u010d\u00edtan\u00ed <span class=\"screen-reader-text\">Joe Trendy NBA Show<\/span><\/a><\/p>\n","protected":false},"author":1,"featured_media":0,"parent":81,"menu_order":0,"comment_status":"closed","ping_status":"closed","template":"elementor_header_footer","meta":{"footnotes":""},"class_list":["post-2025","page","type-page","status-publish","hentry","entry"],"_links":{"self":[{"href":"https:\/\/www.recapofthestreets.eu\/index.php\/wp-json\/wp\/v2\/pages\/2025","targetHints":{"allow":["GET"]}}],"collection":[{"href":"https:\/\/www.recapofthestreets.eu\/index.php\/wp-json\/wp\/v2\/pages"}],"about":[{"href":"https:\/\/www.recapofthestreets.eu\/index.php\/wp-json\/wp\/v2\/types\/page"}],"author":[{"embeddable":true,"href":"https:\/\/www.recapofthestreets.eu\/index.php\/wp-json\/wp\/v2\/users\/1"}],"replies":[{"embeddable":true,"href":"https:\/\/www.recapofthestreets.eu\/index.php\/wp-json\/wp\/v2\/comments?post=2025"}],"version-history":[{"count":34,"href":"https:\/\/www.recapofthestreets.eu\/index.php\/wp-json\/wp\/v2\/pages\/2025\/revisions"}],"predecessor-version":[{"id":3547,"href":"https:\/\/www.recapofthestreets.eu\/index.php\/wp-json\/wp\/v2\/pages\/2025\/revisions\/3547"}],"up":[{"embeddable":true,"href":"https:\/\/www.recapofthestreets.eu\/index.php\/wp-json\/wp\/v2\/pages\/81"}],"wp:attachment":[{"href":"https:\/\/www.recapofthestreets.eu\/index.php\/wp-json\/wp\/v2\/media?parent=2025"}],"curies":[{"name":"wp","href":"https:\/\/api.w.org\/{rel}","templated":true}]}}