{"id":1604,"date":"2021-10-25T22:39:58","date_gmt":"2021-10-25T20:39:58","guid":{"rendered":"https:\/\/www.recapofthestreets.eu\/?page_id=1604"},"modified":"2022-03-22T11:13:16","modified_gmt":"2022-03-22T10:13:16","slug":"air-jordan-1-sbb-3-0-release","status":"publish","type":"page","link":"https:\/\/www.recapofthestreets.eu\/index.php\/home\/stories\/air-jordan-1-sbb-3-0-release\/","title":{"rendered":"Air Jordan 1 &#8222;SBB 3.0&#8220; release"},"content":{"rendered":"\t\t<div data-elementor-type=\"wp-page\" data-elementor-id=\"1604\" class=\"elementor elementor-1604\" data-elementor-settings=\"[]\">\n\t\t\t\t\t\t\t<div class=\"elementor-section-wrap\">\n\t\t\t\t\t\t\t<section class=\"elementor-section elementor-top-section elementor-element elementor-element-b3fde6e elementor-section-full_width elementor-section-height-min-height elementor-section-height-default elementor-section-items-middle\" data-id=\"b3fde6e\" data-element_type=\"section\" data-settings=\"{&quot;background_background&quot;:&quot;classic&quot;}\">\n\t\t\t\t\t\t\t<div class=\"elementor-background-overlay\"><\/div>\n\t\t\t\t\t\t\t<div class=\"elementor-container elementor-column-gap-default\">\n\t\t\t\t\t<div class=\"elementor-column elementor-col-100 elementor-top-column elementor-element elementor-element-6fb5db8\" data-id=\"6fb5db8\" data-element_type=\"column\" data-settings=\"{&quot;background_background&quot;:&quot;classic&quot;}\">\n\t\t\t<div class=\"elementor-widget-wrap elementor-element-populated\">\n\t\t\t\t\t<div class=\"elementor-background-overlay\"><\/div>\n\t\t\t\t\t\t\t\t<div class=\"elementor-element elementor-element-c7fbdc3 elementor-widget elementor-widget-heading\" data-id=\"c7fbdc3\" data-element_type=\"widget\" data-widget_type=\"heading.default\">\n\t\t\t\t<div class=\"elementor-widget-container\">\n\t\t\t<h2 class=\"elementor-heading-title elementor-size-default\">AIR JORDAN 1: \"SBB 3.0\" RELEASE<\/h2>\t\t<\/div>\n\t\t\t\t<\/div>\n\t\t\t\t\t<\/div>\n\t\t<\/div>\n\t\t\t\t\t\t\t<\/div>\n\t\t<\/section>\n\t\t\t\t<section class=\"elementor-section elementor-top-section elementor-element elementor-element-97d5832 elementor-section-full_width elementor-section-height-default elementor-section-height-default\" data-id=\"97d5832\" data-element_type=\"section\" data-settings=\"{&quot;background_background&quot;:&quot;classic&quot;}\">\n\t\t\t\t\t\t<div class=\"elementor-container elementor-column-gap-default\">\n\t\t\t\t\t<div class=\"elementor-column elementor-col-100 elementor-top-column elementor-element elementor-element-561dd9c\" data-id=\"561dd9c\" data-element_type=\"column\" data-settings=\"{&quot;background_background&quot;:&quot;classic&quot;}\">\n\t\t\t<div class=\"elementor-widget-wrap elementor-element-populated\">\n\t\t\t\t\t<div class=\"elementor-background-overlay\"><\/div>\n\t\t\t\t\t\t\t\t<div class=\"elementor-element elementor-element-98f6deb elementor-widget elementor-widget-heading\" data-id=\"98f6deb\" data-element_type=\"widget\" data-widget_type=\"heading.default\">\n\t\t\t\t<div class=\"elementor-widget-container\">\n\t\t\t<h2 class=\"elementor-heading-title elementor-size-default\">media reach<\/h2>\t\t<\/div>\n\t\t\t\t<\/div>\n\t\t\t\t<div class=\"elementor-element elementor-element-9b861ca elementor-widget elementor-widget-text-editor\" data-id=\"9b861ca\" data-element_type=\"widget\" data-widget_type=\"text-editor.default\">\n\t\t\t\t<div class=\"elementor-widget-container\">\n\t\t\t\t\t\t\t<p>Event like this deserves full media coverage, which we have achieved through Instagram, Facebook, Youtube, influencers and global media.<\/p>\t\t\t\t\t\t<\/div>\n\t\t\t\t<\/div>\n\t\t\t\t\t<\/div>\n\t\t<\/div>\n\t\t\t\t\t\t\t<\/div>\n\t\t<\/section>\n\t\t\t\t<section class=\"elementor-section elementor-top-section elementor-element elementor-element-e4f7214 elementor-section-boxed elementor-section-height-default elementor-section-height-default\" data-id=\"e4f7214\" data-element_type=\"section\">\n\t\t\t\t\t\t<div class=\"elementor-container elementor-column-gap-default\">\n\t\t\t\t\t<div class=\"elementor-column elementor-col-100 elementor-top-column elementor-element elementor-element-c97bcde\" data-id=\"c97bcde\" data-element_type=\"column\">\n\t\t\t<div class=\"elementor-widget-wrap elementor-element-populated\">\n\t\t\t\t\t\t\t\t<div class=\"elementor-element elementor-element-991c796 elementor-widget elementor-widget-counter\" data-id=\"991c796\" data-element_type=\"widget\" data-widget_type=\"counter.default\">\n\t\t\t\t<div class=\"elementor-widget-container\">\n\t\t\t\t\t<div class=\"elementor-counter\">\n\t\t\t<div class=\"elementor-counter-number-wrapper\">\n\t\t\t\t<span class=\"elementor-counter-number-prefix\"><\/span>\n\t\t\t\t<span class=\"elementor-counter-number\" data-duration=\"2000\" data-to-value=\"1200000\" data-from-value=\"0\" data-delimiter=\",\">0<\/span>\n\t\t\t\t<span class=\"elementor-counter-number-suffix\"><\/span>\n\t\t\t<\/div>\n\t\t\t\t\t\t\t<div class=\"elementor-counter-title\">people reached<\/div>\n\t\t\t\t\t<\/div>\n\t\t\t\t<\/div>\n\t\t\t\t<\/div>\n\t\t\t\t\t<\/div>\n\t\t<\/div>\n\t\t\t\t\t\t\t<\/div>\n\t\t<\/section>\n\t\t\t\t<section class=\"elementor-section elementor-top-section elementor-element elementor-element-80cca94 elementor-section-full_width elementor-section-height-default elementor-section-height-default\" data-id=\"80cca94\" data-element_type=\"section\" data-settings=\"{&quot;background_background&quot;:&quot;classic&quot;}\">\n\t\t\t\t\t\t<div class=\"elementor-container elementor-column-gap-default\">\n\t\t\t\t\t<div class=\"elementor-column elementor-col-100 elementor-top-column elementor-element elementor-element-7a6cc3a\" data-id=\"7a6cc3a\" data-element_type=\"column\" data-settings=\"{&quot;background_background&quot;:&quot;classic&quot;}\">\n\t\t\t<div class=\"elementor-widget-wrap elementor-element-populated\">\n\t\t\t\t\t<div class=\"elementor-background-overlay\"><\/div>\n\t\t\t\t\t\t\t\t<div class=\"elementor-element elementor-element-c405647 elementor-widget elementor-widget-heading\" data-id=\"c405647\" data-element_type=\"widget\" data-widget_type=\"heading.default\">\n\t\t\t\t<div class=\"elementor-widget-container\">\n\t\t\t<h2 class=\"elementor-heading-title elementor-size-default\">Release 95 meters above<\/h2>\t\t<\/div>\n\t\t\t\t<\/div>\n\t\t\t\t<div class=\"elementor-element elementor-element-104e815 elementor-widget elementor-widget-text-editor\" data-id=\"104e815\" data-element_type=\"widget\" data-widget_type=\"text-editor.default\">\n\t\t\t\t<div class=\"elementor-widget-container\">\n\t\t\t\t\t\t\t<div id=\"page-zones__main-widgets__60291d35aa952-widgets__60291d35cd38d\" class=\"widget widget--zone-widget js-widget\" data-name=\"contentgroup\" data-uniqueid=\"iohN3akAz3ixC27\" data-parentuniqueid=\"w9Yik8NIyYYHDUq\"><div id=\"\" class=\"widget__contentgroup contentgroup contentgroup--center contentgroup--regular \"><div class=\"contentgroup__content\"><div class=\"contentgroup__body-wrapper\"><div class=\"contentgroup__text-wrapper\"><p class=\"contentgroup__body \">The observation deck called &#8222;Vyhliadka UFO&#8220; is the highest monument in Slovakia. At the height of 95 meters we sold out our stock in 2 hours, 3\/4 of people were at the observation deck for the first time and that is our other goal &#8211; to take our customers to places they had never been to. We made a small stage and tattoo corner at the top, it elevated the experience to another level. Pillars of the monument were shining in SBB orange color. People from at least 4 foreign countries (for ex. Austria, Hungary, Czechia, Poland) came to our release so our event was international.<\/p><\/div><\/div><\/div><\/div><\/div>\t\t\t\t\t\t<\/div>\n\t\t\t\t<\/div>\n\t\t\t\t\t<\/div>\n\t\t<\/div>\n\t\t\t\t\t\t\t<\/div>\n\t\t<\/section>\n\t\t\t\t<section class=\"elementor-section elementor-top-section elementor-element elementor-element-603e152 elementor-section-boxed elementor-section-height-default elementor-section-height-default\" data-id=\"603e152\" data-element_type=\"section\">\n\t\t\t\t\t\t<div class=\"elementor-container elementor-column-gap-default\">\n\t\t\t\t\t<div class=\"elementor-column elementor-col-100 elementor-top-column elementor-element elementor-element-b98e93a\" data-id=\"b98e93a\" data-element_type=\"column\">\n\t\t\t<div class=\"elementor-widget-wrap elementor-element-populated\">\n\t\t\t\t\t\t\t\t<div class=\"elementor-element elementor-element-f7af925 elementor-widget elementor-widget-gallery\" data-id=\"f7af925\" data-element_type=\"widget\" data-settings=\"{&quot;columns&quot;:2,&quot;aspect_ratio&quot;:&quot;1:1&quot;,&quot;gap_mobile&quot;:{&quot;unit&quot;:&quot;px&quot;,&quot;size&quot;:5,&quot;sizes&quot;:[]},&quot;gallery_layout&quot;:&quot;grid&quot;,&quot;columns_tablet&quot;:2,&quot;columns_mobile&quot;:1,&quot;gap&quot;:{&quot;unit&quot;:&quot;px&quot;,&quot;size&quot;:10,&quot;sizes&quot;:[]},&quot;gap_tablet&quot;:{&quot;unit&quot;:&quot;px&quot;,&quot;size&quot;:10,&quot;sizes&quot;:[]},&quot;link_to&quot;:&quot;file&quot;,&quot;overlay_background&quot;:&quot;yes&quot;,&quot;content_hover_animation&quot;:&quot;fade-in&quot;}\" data-widget_type=\"gallery.default\">\n\t\t\t\t<div class=\"elementor-widget-container\">\n\t\t\t\t\t<div class=\"elementor-gallery__container\">\n\t\t\t\t\t\t\t<a class=\"e-gallery-item elementor-gallery-item elementor-animated-content\" href=\"https:\/\/www.recapofthestreets.eu\/wp-content\/uploads\/2021\/10\/8a7fb673-1747-44e6-9a5e-aaa300d53aee.png\" data-elementor-open-lightbox=\"yes\" data-elementor-lightbox-slideshow=\"all-f7af925\">\n\t\t\t\t\t<div class=\"e-gallery-image elementor-gallery-item__image\" data-thumbnail=\"https:\/\/www.recapofthestreets.eu\/wp-content\/uploads\/2021\/10\/8a7fb673-1747-44e6-9a5e-aaa300d53aee-1024x562.png\" data-width=\"750\" data-height=\"412\" alt=\"air jordan shattred backboard 3.0 release the streets bratislava ufo\" ><\/div>\n\t\t\t\t\t\t\t\t\t\t<div class=\"elementor-gallery-item__overlay\"><\/div>\n\t\t\t\t\t\t\t\t\t\t\t\t\t\t<\/a>\n\t\t\t\t\t\t\t<a class=\"e-gallery-item elementor-gallery-item elementor-animated-content\" href=\"https:\/\/www.recapofthestreets.eu\/wp-content\/uploads\/2021\/10\/7d44796a-7469-49d4-ac08-9a264c0d56d1-1.png\" data-elementor-open-lightbox=\"yes\" data-elementor-lightbox-slideshow=\"all-f7af925\">\n\t\t\t\t\t<div class=\"e-gallery-image elementor-gallery-item__image\" data-thumbnail=\"https:\/\/www.recapofthestreets.eu\/wp-content\/uploads\/2021\/10\/7d44796a-7469-49d4-ac08-9a264c0d56d1-1-1024x561.png\" data-width=\"750\" data-height=\"411\" alt=\"air jordan shattred backboard 3.0 release the streets bratislava ufo\" ><\/div>\n\t\t\t\t\t\t\t\t\t\t<div class=\"elementor-gallery-item__overlay\"><\/div>\n\t\t\t\t\t\t\t\t\t\t\t\t\t\t<\/a>\n\t\t\t\t\t\t\t<a class=\"e-gallery-item elementor-gallery-item elementor-animated-content\" href=\"https:\/\/www.recapofthestreets.eu\/wp-content\/uploads\/2021\/10\/Screenshot-2021-10-26-at-09.54.46.png\" data-elementor-open-lightbox=\"yes\" data-elementor-lightbox-slideshow=\"all-f7af925\">\n\t\t\t\t\t<div class=\"e-gallery-image elementor-gallery-item__image\" data-thumbnail=\"https:\/\/www.recapofthestreets.eu\/wp-content\/uploads\/2021\/10\/Screenshot-2021-10-26-at-09.54.46-1024x1021.png\" data-width=\"750\" data-height=\"748\" alt=\"air jordan shattred backboard 3.0 release the streets\" ><\/div>\n\t\t\t\t\t\t\t\t\t\t<div class=\"elementor-gallery-item__overlay\"><\/div>\n\t\t\t\t\t\t\t\t\t\t\t\t\t\t<\/a>\n\t\t\t\t\t\t\t<a class=\"e-gallery-item elementor-gallery-item elementor-animated-content\" href=\"https:\/\/www.recapofthestreets.eu\/wp-content\/uploads\/2021\/10\/Screenshot-2021-10-26-at-09.55.16.png\" data-elementor-open-lightbox=\"yes\" data-elementor-lightbox-slideshow=\"all-f7af925\">\n\t\t\t\t\t<div class=\"e-gallery-image elementor-gallery-item__image\" data-thumbnail=\"https:\/\/www.recapofthestreets.eu\/wp-content\/uploads\/2021\/10\/Screenshot-2021-10-26-at-09.55.16-1024x682.png\" data-width=\"750\" data-height=\"500\" alt=\"air jordan shattred backboard 3.0 release the streets\" ><\/div>\n\t\t\t\t\t\t\t\t\t\t<div class=\"elementor-gallery-item__overlay\"><\/div>\n\t\t\t\t\t\t\t\t\t\t\t\t\t\t<\/a>\n\t\t\t\t\t<\/div>\n\t\t\t<\/div>\n\t\t\t\t<\/div>\n\t\t\t\t\t<\/div>\n\t\t<\/div>\n\t\t\t\t\t\t\t<\/div>\n\t\t<\/section>\n\t\t\t\t<section class=\"elementor-section elementor-top-section elementor-element elementor-element-68967cd elementor-section-full_width elementor-section-height-default elementor-section-height-default\" data-id=\"68967cd\" data-element_type=\"section\" data-settings=\"{&quot;background_background&quot;:&quot;classic&quot;}\">\n\t\t\t\t\t\t<div class=\"elementor-container elementor-column-gap-default\">\n\t\t\t\t\t<div class=\"elementor-column elementor-col-100 elementor-top-column elementor-element elementor-element-5e663ea\" data-id=\"5e663ea\" data-element_type=\"column\" data-settings=\"{&quot;background_background&quot;:&quot;classic&quot;}\">\n\t\t\t<div class=\"elementor-widget-wrap elementor-element-populated\">\n\t\t\t\t\t<div class=\"elementor-background-overlay\"><\/div>\n\t\t\t\t\t\t\t\t<div class=\"elementor-element elementor-element-db1289d elementor-widget elementor-widget-heading\" data-id=\"db1289d\" data-element_type=\"widget\" data-widget_type=\"heading.default\">\n\t\t\t\t<div class=\"elementor-widget-container\">\n\t\t\t<h2 class=\"elementor-heading-title elementor-size-default\">social media<\/h2>\t\t<\/div>\n\t\t\t\t<\/div>\n\t\t\t\t<div class=\"elementor-element elementor-element-a220de4 elementor-widget elementor-widget-text-editor\" data-id=\"a220de4\" data-element_type=\"widget\" data-widget_type=\"text-editor.default\">\n\t\t\t\t<div class=\"elementor-widget-container\">\n\t\t\t\t\t\t\t<div id=\"page-zones__main-widgets__60291d35aa952-widgets__60291d35cd38d\" class=\"widget widget--zone-widget js-widget\" data-name=\"contentgroup\" data-uniqueid=\"iohN3akAz3ixC27\" data-parentuniqueid=\"w9Yik8NIyYYHDUq\"><div id=\"\" class=\"widget__contentgroup contentgroup contentgroup--center contentgroup--regular \"><div class=\"contentgroup__content\"><div class=\"contentgroup__body-wrapper\"><div class=\"contentgroup__text-wrapper\"><p class=\"contentgroup__body \">Over the course of a few days, we added SBB orange posts to social media, encouraged people to use orange emojis, and hyped our customers for the special release. The biggest names from Slovak rap culture, influencers, tattoo artists and YouTubers were involved in the release. One of them, specifically Ego, a member of the most legendary rap crew in the region &#8211; Kontrafakt joined the event. For our lookbook, we prepared Nissan GT-R with the Jumpman logo, Swoosh and The Streets logo.<\/p><\/div><\/div><\/div><\/div><\/div>\t\t\t\t\t\t<\/div>\n\t\t\t\t<\/div>\n\t\t\t\t\t<\/div>\n\t\t<\/div>\n\t\t\t\t\t\t\t<\/div>\n\t\t<\/section>\n\t\t\t\t<section class=\"elementor-section elementor-top-section elementor-element elementor-element-12f0460 elementor-section-boxed elementor-section-height-default elementor-section-height-default\" data-id=\"12f0460\" data-element_type=\"section\">\n\t\t\t\t\t\t<div class=\"elementor-container elementor-column-gap-default\">\n\t\t\t\t\t<div class=\"elementor-column elementor-col-100 elementor-top-column elementor-element elementor-element-ec9c68d\" data-id=\"ec9c68d\" data-element_type=\"column\">\n\t\t\t<div class=\"elementor-widget-wrap elementor-element-populated\">\n\t\t\t\t\t\t\t\t<div class=\"elementor-element elementor-element-d0636a5 elementor-widget elementor-widget-gallery\" data-id=\"d0636a5\" data-element_type=\"widget\" data-settings=\"{&quot;columns&quot;:2,&quot;aspect_ratio&quot;:&quot;1:1&quot;,&quot;gap_mobile&quot;:{&quot;unit&quot;:&quot;px&quot;,&quot;size&quot;:5,&quot;sizes&quot;:[]},&quot;gallery_layout&quot;:&quot;grid&quot;,&quot;columns_tablet&quot;:2,&quot;columns_mobile&quot;:1,&quot;gap&quot;:{&quot;unit&quot;:&quot;px&quot;,&quot;size&quot;:10,&quot;sizes&quot;:[]},&quot;gap_tablet&quot;:{&quot;unit&quot;:&quot;px&quot;,&quot;size&quot;:10,&quot;sizes&quot;:[]},&quot;link_to&quot;:&quot;file&quot;,&quot;overlay_background&quot;:&quot;yes&quot;,&quot;content_hover_animation&quot;:&quot;fade-in&quot;}\" data-widget_type=\"gallery.default\">\n\t\t\t\t<div class=\"elementor-widget-container\">\n\t\t\t\t\t<div class=\"elementor-gallery__container\">\n\t\t\t\t\t\t\t<a class=\"e-gallery-item elementor-gallery-item elementor-animated-content\" href=\"https:\/\/www.recapofthestreets.eu\/wp-content\/uploads\/2021\/10\/Screenshot-2021-10-26-at-09.55.59.png\" data-elementor-open-lightbox=\"yes\" data-elementor-lightbox-slideshow=\"all-d0636a5\">\n\t\t\t\t\t<div class=\"e-gallery-image elementor-gallery-item__image\" data-thumbnail=\"https:\/\/www.recapofthestreets.eu\/wp-content\/uploads\/2021\/10\/Screenshot-2021-10-26-at-09.55.59-1024x963.png\" data-width=\"750\" data-height=\"705\" alt=\"air jordan shattred backboard 3.0 release the streets gtr\" ><\/div>\n\t\t\t\t\t\t\t\t\t\t<div class=\"elementor-gallery-item__overlay\"><\/div>\n\t\t\t\t\t\t\t\t\t\t\t\t\t\t<\/a>\n\t\t\t\t\t\t\t<a class=\"e-gallery-item elementor-gallery-item elementor-animated-content\" href=\"https:\/\/www.recapofthestreets.eu\/wp-content\/uploads\/2021\/10\/Screenshot-2021-10-26-at-09.51.42.png\" data-elementor-open-lightbox=\"yes\" data-elementor-lightbox-slideshow=\"all-d0636a5\">\n\t\t\t\t\t<div class=\"e-gallery-image elementor-gallery-item__image\" data-thumbnail=\"https:\/\/www.recapofthestreets.eu\/wp-content\/uploads\/2021\/10\/Screenshot-2021-10-26-at-09.51.42-1024x1024.png\" data-width=\"750\" data-height=\"750\" alt=\"air jordan shattred backboard 3.0 release the streets ego\" ><\/div>\n\t\t\t\t\t\t\t\t\t\t<div class=\"elementor-gallery-item__overlay\"><\/div>\n\t\t\t\t\t\t\t\t\t\t\t\t\t\t<\/a>\n\t\t\t\t\t\t\t<a class=\"e-gallery-item elementor-gallery-item elementor-animated-content\" href=\"https:\/\/www.recapofthestreets.eu\/wp-content\/uploads\/2021\/10\/Screenshot-2021-10-26-at-09.53.09.png\" data-elementor-open-lightbox=\"yes\" data-elementor-lightbox-slideshow=\"all-d0636a5\">\n\t\t\t\t\t<div class=\"e-gallery-image elementor-gallery-item__image\" data-thumbnail=\"https:\/\/www.recapofthestreets.eu\/wp-content\/uploads\/2021\/10\/Screenshot-2021-10-26-at-09.53.09-1021x1024.png\" data-width=\"750\" data-height=\"752\" alt=\"air jordan shattred backboard 3.0 release the streets\" ><\/div>\n\t\t\t\t\t\t\t\t\t\t<div class=\"elementor-gallery-item__overlay\"><\/div>\n\t\t\t\t\t\t\t\t\t\t\t\t\t\t<\/a>\n\t\t\t\t\t\t\t<a class=\"e-gallery-item elementor-gallery-item elementor-animated-content\" href=\"https:\/\/www.recapofthestreets.eu\/wp-content\/uploads\/2021\/10\/Screenshot-2021-10-26-at-09.56.30.png\" data-elementor-open-lightbox=\"yes\" data-elementor-lightbox-slideshow=\"all-d0636a5\">\n\t\t\t\t\t<div class=\"e-gallery-image elementor-gallery-item__image\" data-thumbnail=\"https:\/\/www.recapofthestreets.eu\/wp-content\/uploads\/2021\/10\/Screenshot-2021-10-26-at-09.56.30-1024x970.png\" data-width=\"750\" data-height=\"710\" alt=\"air jordan shattred backboard 3.0 release the streets\" ><\/div>\n\t\t\t\t\t\t\t\t\t\t<div class=\"elementor-gallery-item__overlay\"><\/div>\n\t\t\t\t\t\t\t\t\t\t\t\t\t\t<\/a>\n\t\t\t\t\t<\/div>\n\t\t\t<\/div>\n\t\t\t\t<\/div>\n\t\t\t\t\t<\/div>\n\t\t<\/div>\n\t\t\t\t\t\t\t<\/div>\n\t\t<\/section>\n\t\t\t\t<section class=\"elementor-section elementor-top-section elementor-element elementor-element-0b1bbff elementor-section-full_width elementor-section-height-default elementor-section-height-default\" data-id=\"0b1bbff\" data-element_type=\"section\" data-settings=\"{&quot;background_background&quot;:&quot;classic&quot;}\">\n\t\t\t\t\t\t<div class=\"elementor-container elementor-column-gap-default\">\n\t\t\t\t\t<div class=\"elementor-column elementor-col-100 elementor-top-column elementor-element elementor-element-cf281eb\" data-id=\"cf281eb\" data-element_type=\"column\" data-settings=\"{&quot;background_background&quot;:&quot;classic&quot;}\">\n\t\t\t<div class=\"elementor-widget-wrap elementor-element-populated\">\n\t\t\t\t\t<div class=\"elementor-background-overlay\"><\/div>\n\t\t\t\t\t\t\t\t<div class=\"elementor-element elementor-element-0872f19 elementor-widget elementor-widget-heading\" data-id=\"0872f19\" data-element_type=\"widget\" data-widget_type=\"heading.default\">\n\t\t\t\t<div class=\"elementor-widget-container\">\n\t\t\t<h2 class=\"elementor-heading-title elementor-size-default\">aftermovie<\/h2>\t\t<\/div>\n\t\t\t\t<\/div>\n\t\t\t\t<div class=\"elementor-element elementor-element-a03698c elementor-widget elementor-widget-text-editor\" data-id=\"a03698c\" data-element_type=\"widget\" data-widget_type=\"text-editor.default\">\n\t\t\t\t<div class=\"elementor-widget-container\">\n\t\t\t\t\t\t\t<div id=\"page-zones__main-widgets__60291d35aa952-widgets__60291d35cd38d\" class=\"widget widget--zone-widget js-widget\" data-name=\"contentgroup\" data-uniqueid=\"iohN3akAz3ixC27\" data-parentuniqueid=\"w9Yik8NIyYYHDUq\"><div id=\"\" class=\"widget__contentgroup contentgroup contentgroup--center contentgroup--regular \"><div class=\"contentgroup__content\"><div class=\"contentgroup__body-wrapper\"><div class=\"contentgroup__text-wrapper\"><p class=\"contentgroup__body \">Air Jordan 1 &#8222;SBB 3.0&#8220; aftermovie. Feel the vibes from release 95 meters above at &#8222;UFO&#8220; observatory.<\/p><\/div><\/div><\/div><\/div><\/div>\t\t\t\t\t\t<\/div>\n\t\t\t\t<\/div>\n\t\t\t\t\t<\/div>\n\t\t<\/div>\n\t\t\t\t\t\t\t<\/div>\n\t\t<\/section>\n\t\t\t\t<section class=\"elementor-section elementor-top-section elementor-element elementor-element-c2a2bb6 elementor-section-boxed elementor-section-height-default elementor-section-height-default\" data-id=\"c2a2bb6\" data-element_type=\"section\">\n\t\t\t\t\t\t<div class=\"elementor-container elementor-column-gap-default\">\n\t\t\t\t\t<div class=\"elementor-column elementor-col-100 elementor-top-column elementor-element elementor-element-69ddd7a\" data-id=\"69ddd7a\" data-element_type=\"column\">\n\t\t\t<div class=\"elementor-widget-wrap elementor-element-populated\">\n\t\t\t\t\t\t\t\t<div class=\"elementor-element elementor-element-3007bb3 elementor-aspect-ratio-169 elementor-widget elementor-widget-video\" data-id=\"3007bb3\" data-element_type=\"widget\" data-settings=\"{&quot;youtube_url&quot;:&quot;https:\\\/\\\/www.youtube.com\\\/watch?v=JUnrg8yN7MQ&amp;t=1s&amp;ab_channel=TheStreets&quot;,&quot;autoplay&quot;:&quot;yes&quot;,&quot;mute&quot;:&quot;yes&quot;,&quot;loop&quot;:&quot;yes&quot;,&quot;play_on_mobile&quot;:&quot;yes&quot;,&quot;video_type&quot;:&quot;youtube&quot;,&quot;controls&quot;:&quot;yes&quot;,&quot;aspect_ratio&quot;:&quot;169&quot;}\" data-widget_type=\"video.default\">\n\t\t\t\t<div class=\"elementor-widget-container\">\n\t\t\t\t\t<div class=\"elementor-wrapper elementor-fit-aspect-ratio elementor-open-inline\">\n\t\t\t<div class=\"elementor-video\"><\/div>\t\t<\/div>\n\t\t\t\t<\/div>\n\t\t\t\t<\/div>\n\t\t\t\t\t<\/div>\n\t\t<\/div>\n\t\t\t\t\t\t\t<\/div>\n\t\t<\/section>\n\t\t\t\t\t\t<\/div>\n\t\t\t\t\t<\/div>\n\t\t","protected":false},"excerpt":{"rendered":"<p>AIR JORDAN 1: &#8222;SBB 3.0&#8220; RELEASE media reach Event like this deserves full media coverage, which we have achieved through Instagram, Facebook, Youtube, influencers and global media. 0 people reached Release 95 meters above The observation deck called &#8222;Vyhliadka UFO&#8220; is the highest monument in Slovakia. At the height of 95 meters we sold out&hellip; <a class=\"more-link\" href=\"https:\/\/www.recapofthestreets.eu\/index.php\/home\/stories\/air-jordan-1-sbb-3-0-release\/\">Pokra\u010dova\u0165 v \u010d\u00edtan\u00ed <span class=\"screen-reader-text\">Air Jordan 1 &#8222;SBB 3.0&#8220; release<\/span><\/a><\/p>\n","protected":false},"author":1,"featured_media":0,"parent":81,"menu_order":0,"comment_status":"closed","ping_status":"closed","template":"elementor_header_footer","meta":{"footnotes":""},"class_list":["post-1604","page","type-page","status-publish","hentry","entry"],"_links":{"self":[{"href":"https:\/\/www.recapofthestreets.eu\/index.php\/wp-json\/wp\/v2\/pages\/1604","targetHints":{"allow":["GET"]}}],"collection":[{"href":"https:\/\/www.recapofthestreets.eu\/index.php\/wp-json\/wp\/v2\/pages"}],"about":[{"href":"https:\/\/www.recapofthestreets.eu\/index.php\/wp-json\/wp\/v2\/types\/page"}],"author":[{"embeddable":true,"href":"https:\/\/www.recapofthestreets.eu\/index.php\/wp-json\/wp\/v2\/users\/1"}],"replies":[{"embeddable":true,"href":"https:\/\/www.recapofthestreets.eu\/index.php\/wp-json\/wp\/v2\/comments?post=1604"}],"version-history":[{"count":28,"href":"https:\/\/www.recapofthestreets.eu\/index.php\/wp-json\/wp\/v2\/pages\/1604\/revisions"}],"predecessor-version":[{"id":4102,"href":"https:\/\/www.recapofthestreets.eu\/index.php\/wp-json\/wp\/v2\/pages\/1604\/revisions\/4102"}],"up":[{"embeddable":true,"href":"https:\/\/www.recapofthestreets.eu\/index.php\/wp-json\/wp\/v2\/pages\/81"}],"wp:attachment":[{"href":"https:\/\/www.recapofthestreets.eu\/index.php\/wp-json\/wp\/v2\/media?parent=1604"}],"curies":[{"name":"wp","href":"https:\/\/api.w.org\/{rel}","templated":true}]}}