{"id":1350,"date":"2021-10-24T23:05:53","date_gmt":"2021-10-24T21:05:53","guid":{"rendered":"https:\/\/www.recapofthestreets.eu\/?page_id=1350"},"modified":"2021-11-08T15:28:48","modified_gmt":"2021-11-08T14:28:48","slug":"nike-cosmic-unity","status":"publish","type":"page","link":"https:\/\/www.recapofthestreets.eu\/index.php\/home\/stories\/nike-cosmic-unity\/","title":{"rendered":"Nike Cosmic Unity"},"content":{"rendered":"\t\t<div data-elementor-type=\"wp-page\" data-elementor-id=\"1350\" class=\"elementor elementor-1350\" data-elementor-settings=\"[]\">\n\t\t\t\t\t\t\t<div class=\"elementor-section-wrap\">\n\t\t\t\t\t\t\t<section class=\"elementor-section elementor-top-section elementor-element elementor-element-acb9f82 elementor-section-full_width elementor-section-height-min-height elementor-section-height-default elementor-section-items-middle\" data-id=\"acb9f82\" data-element_type=\"section\" data-settings=\"{&quot;background_background&quot;:&quot;classic&quot;}\">\n\t\t\t\t\t\t\t<div class=\"elementor-background-overlay\"><\/div>\n\t\t\t\t\t\t\t<div class=\"elementor-container elementor-column-gap-default\">\n\t\t\t\t\t<div class=\"elementor-column elementor-col-100 elementor-top-column elementor-element elementor-element-f49b060\" data-id=\"f49b060\" data-element_type=\"column\" data-settings=\"{&quot;background_background&quot;:&quot;classic&quot;}\">\n\t\t\t<div class=\"elementor-widget-wrap elementor-element-populated\">\n\t\t\t\t\t<div class=\"elementor-background-overlay\"><\/div>\n\t\t\t\t\t\t\t\t<div class=\"elementor-element elementor-element-6922da6 elementor-widget elementor-widget-heading\" data-id=\"6922da6\" data-element_type=\"widget\" data-widget_type=\"heading.default\">\n\t\t\t\t<div class=\"elementor-widget-container\">\n\t\t\t<h2 class=\"elementor-heading-title elementor-size-default\">Nike Cosmic Unity<\/h2>\t\t<\/div>\n\t\t\t\t<\/div>\n\t\t\t\t\t<\/div>\n\t\t<\/div>\n\t\t\t\t\t\t\t<\/div>\n\t\t<\/section>\n\t\t\t\t<section class=\"elementor-section elementor-top-section elementor-element elementor-element-e52ed45 elementor-section-full_width elementor-section-height-default elementor-section-height-default\" data-id=\"e52ed45\" data-element_type=\"section\" data-settings=\"{&quot;background_background&quot;:&quot;classic&quot;}\">\n\t\t\t\t\t\t<div class=\"elementor-container elementor-column-gap-default\">\n\t\t\t\t\t<div class=\"elementor-column elementor-col-100 elementor-top-column elementor-element elementor-element-0626769\" data-id=\"0626769\" data-element_type=\"column\" data-settings=\"{&quot;background_background&quot;:&quot;classic&quot;}\">\n\t\t\t<div class=\"elementor-widget-wrap elementor-element-populated\">\n\t\t\t\t\t<div class=\"elementor-background-overlay\"><\/div>\n\t\t\t\t\t\t\t\t<div class=\"elementor-element elementor-element-b28830a elementor-widget elementor-widget-heading\" data-id=\"b28830a\" data-element_type=\"widget\" data-widget_type=\"heading.default\">\n\t\t\t\t<div class=\"elementor-widget-container\">\n\t\t\t<h2 class=\"elementor-heading-title elementor-size-default\">sustainable initiative<\/h2>\t\t<\/div>\n\t\t\t\t<\/div>\n\t\t\t\t<div class=\"elementor-element elementor-element-4f0dbff elementor-widget elementor-widget-text-editor\" data-id=\"4f0dbff\" data-element_type=\"widget\" data-widget_type=\"text-editor.default\">\n\t\t\t\t<div class=\"elementor-widget-container\">\n\t\t\t\t\t\t\t<p>Designed from recycled trash, this shoe gives a player a little more out of the game and a little less of an impact on the planet. This is why we came up with our own initiative. For each Cosmic Unity shoe sold, we decided to collect 0.5 kg of rubbish on local basketball courts. We want to motivate more people to help the planet and at the same time prepare home courts for the new season.<\/p>\t\t\t\t\t\t<\/div>\n\t\t\t\t<\/div>\n\t\t\t\t\t<\/div>\n\t\t<\/div>\n\t\t\t\t\t\t\t<\/div>\n\t\t<\/section>\n\t\t\t\t<section class=\"elementor-section elementor-top-section elementor-element elementor-element-7de9c03 elementor-section-boxed elementor-section-height-default elementor-section-height-default\" data-id=\"7de9c03\" data-element_type=\"section\">\n\t\t\t\t\t\t<div class=\"elementor-container elementor-column-gap-default\">\n\t\t\t\t\t<div class=\"elementor-column elementor-col-100 elementor-top-column elementor-element elementor-element-719a983\" data-id=\"719a983\" data-element_type=\"column\">\n\t\t\t<div class=\"elementor-widget-wrap elementor-element-populated\">\n\t\t\t\t\t\t\t\t<div class=\"elementor-element elementor-element-0f9cea0 elementor-widget elementor-widget-image\" data-id=\"0f9cea0\" data-element_type=\"widget\" data-widget_type=\"image.default\">\n\t\t\t\t<div class=\"elementor-widget-container\">\n\t\t\t\t\t\t\t\t\t\t\t\t\t\t\t<img loading=\"lazy\" decoding=\"async\" width=\"750\" height=\"716\" src=\"https:\/\/www.recapofthestreets.eu\/wp-content\/uploads\/2021\/10\/7b0970b0-be61-4196-a56c-f6811c21e466-1024x978.png\" class=\"attachment-large size-large\" alt=\"nike cosmic unity the streets basketball players\" srcset=\"https:\/\/www.recapofthestreets.eu\/wp-content\/uploads\/2021\/10\/7b0970b0-be61-4196-a56c-f6811c21e466-1024x978.png 1024w, https:\/\/www.recapofthestreets.eu\/wp-content\/uploads\/2021\/10\/7b0970b0-be61-4196-a56c-f6811c21e466-300x287.png 300w, https:\/\/www.recapofthestreets.eu\/wp-content\/uploads\/2021\/10\/7b0970b0-be61-4196-a56c-f6811c21e466-768x734.png 768w, https:\/\/www.recapofthestreets.eu\/wp-content\/uploads\/2021\/10\/7b0970b0-be61-4196-a56c-f6811c21e466.png 1164w\" sizes=\"auto, (max-width: 750px) 100vw, 750px\" style=\"width:100%;height:95.53%;max-width:1164px\" \/>\t\t\t\t\t\t\t\t\t\t\t\t\t\t\t<\/div>\n\t\t\t\t<\/div>\n\t\t\t\t\t<\/div>\n\t\t<\/div>\n\t\t\t\t\t\t\t<\/div>\n\t\t<\/section>\n\t\t\t\t<section class=\"elementor-section elementor-top-section elementor-element elementor-element-0e1b6a5 elementor-section-full_width elementor-section-height-default elementor-section-height-default\" data-id=\"0e1b6a5\" data-element_type=\"section\" data-settings=\"{&quot;background_background&quot;:&quot;classic&quot;}\">\n\t\t\t\t\t\t<div class=\"elementor-container elementor-column-gap-default\">\n\t\t\t\t\t<div class=\"elementor-column elementor-col-100 elementor-top-column elementor-element elementor-element-4dd5e63\" data-id=\"4dd5e63\" data-element_type=\"column\" data-settings=\"{&quot;background_background&quot;:&quot;classic&quot;}\">\n\t\t\t<div class=\"elementor-widget-wrap elementor-element-populated\">\n\t\t\t\t\t<div class=\"elementor-background-overlay\"><\/div>\n\t\t\t\t\t\t\t\t<div class=\"elementor-element elementor-element-1dc228b elementor-widget elementor-widget-heading\" data-id=\"1dc228b\" data-element_type=\"widget\" data-widget_type=\"heading.default\">\n\t\t\t\t<div class=\"elementor-widget-container\">\n\t\t\t<h2 class=\"elementor-heading-title elementor-size-default\">almost half a milion<\/h2>\t\t<\/div>\n\t\t\t\t<\/div>\n\t\t\t\t<div class=\"elementor-element elementor-element-aca49bf elementor-widget elementor-widget-text-editor\" data-id=\"aca49bf\" data-element_type=\"widget\" data-widget_type=\"text-editor.default\">\n\t\t\t\t<div class=\"elementor-widget-container\">\n\t\t\t\t\t\t\t<p>We have chosen two professional basketball players for our advertisement. Almost half a million people have seen this ad that we uploaded to our Instagram. We have received plenty of positive reactions and especially motivation to help our surroundings and the planet at the same time.<\/p>\t\t\t\t\t\t<\/div>\n\t\t\t\t<\/div>\n\t\t\t\t\t<\/div>\n\t\t<\/div>\n\t\t\t\t\t\t\t<\/div>\n\t\t<\/section>\n\t\t\t\t<section class=\"elementor-section elementor-top-section elementor-element elementor-element-3847740 elementor-section-boxed elementor-section-height-default elementor-section-height-default\" data-id=\"3847740\" data-element_type=\"section\">\n\t\t\t\t\t\t<div class=\"elementor-container elementor-column-gap-default\">\n\t\t\t\t\t<div class=\"elementor-column elementor-col-100 elementor-top-column elementor-element elementor-element-b58fc8a\" data-id=\"b58fc8a\" data-element_type=\"column\">\n\t\t\t<div class=\"elementor-widget-wrap elementor-element-populated\">\n\t\t\t\t\t\t\t\t<div class=\"elementor-element elementor-element-a9efbc4 elementor-widget elementor-widget-gallery\" data-id=\"a9efbc4\" data-element_type=\"widget\" data-settings=\"{&quot;columns&quot;:3,&quot;aspect_ratio&quot;:&quot;1:1&quot;,&quot;gap_mobile&quot;:{&quot;unit&quot;:&quot;px&quot;,&quot;size&quot;:5,&quot;sizes&quot;:[]},&quot;gallery_layout&quot;:&quot;grid&quot;,&quot;columns_tablet&quot;:2,&quot;columns_mobile&quot;:1,&quot;gap&quot;:{&quot;unit&quot;:&quot;px&quot;,&quot;size&quot;:10,&quot;sizes&quot;:[]},&quot;gap_tablet&quot;:{&quot;unit&quot;:&quot;px&quot;,&quot;size&quot;:10,&quot;sizes&quot;:[]},&quot;link_to&quot;:&quot;file&quot;,&quot;overlay_background&quot;:&quot;yes&quot;,&quot;content_hover_animation&quot;:&quot;fade-in&quot;}\" data-widget_type=\"gallery.default\">\n\t\t\t\t<div class=\"elementor-widget-container\">\n\t\t\t\t\t<div class=\"elementor-gallery__container\">\n\t\t\t\t\t\t\t<a class=\"e-gallery-item elementor-gallery-item elementor-animated-content\" href=\"https:\/\/www.recapofthestreets.eu\/wp-content\/uploads\/2021\/10\/5a155c31-2ca1-4235-a428-f42dab82bde7.jpeg\" data-elementor-open-lightbox=\"yes\" data-elementor-lightbox-slideshow=\"all-a9efbc4\">\n\t\t\t\t\t<div class=\"e-gallery-image elementor-gallery-item__image\" data-thumbnail=\"https:\/\/www.recapofthestreets.eu\/wp-content\/uploads\/2021\/10\/5a155c31-2ca1-4235-a428-f42dab82bde7-1024x576.jpeg\" data-width=\"750\" data-height=\"422\" alt=\"nike cosmic unity the streets basketball players\" ><\/div>\n\t\t\t\t\t\t\t\t\t\t<div class=\"elementor-gallery-item__overlay\"><\/div>\n\t\t\t\t\t\t\t\t\t\t\t\t\t\t<\/a>\n\t\t\t\t\t\t\t<a class=\"e-gallery-item elementor-gallery-item elementor-animated-content\" href=\"https:\/\/www.recapofthestreets.eu\/wp-content\/uploads\/2021\/10\/be2bd249-66f8-4d0a-84cf-b0248c02b1fd-scaled.jpeg\" data-elementor-open-lightbox=\"yes\" data-elementor-lightbox-slideshow=\"all-a9efbc4\">\n\t\t\t\t\t<div class=\"e-gallery-image elementor-gallery-item__image\" data-thumbnail=\"https:\/\/www.recapofthestreets.eu\/wp-content\/uploads\/2021\/10\/be2bd249-66f8-4d0a-84cf-b0248c02b1fd-683x1024.jpeg\" data-width=\"683\" data-height=\"1024\" alt=\"nike cosmic unity the streets basketball players\" ><\/div>\n\t\t\t\t\t\t\t\t\t\t<div class=\"elementor-gallery-item__overlay\"><\/div>\n\t\t\t\t\t\t\t\t\t\t\t\t\t\t<\/a>\n\t\t\t\t\t\t\t<a class=\"e-gallery-item elementor-gallery-item elementor-animated-content\" href=\"https:\/\/www.recapofthestreets.eu\/wp-content\/uploads\/2021\/10\/66204473-765a-4b03-ac6e-f4560ddeb94e.jpeg\" data-elementor-open-lightbox=\"yes\" data-elementor-lightbox-slideshow=\"all-a9efbc4\">\n\t\t\t\t\t<div class=\"e-gallery-image elementor-gallery-item__image\" data-thumbnail=\"https:\/\/www.recapofthestreets.eu\/wp-content\/uploads\/2021\/10\/66204473-765a-4b03-ac6e-f4560ddeb94e-1024x576.jpeg\" data-width=\"750\" data-height=\"422\" alt=\"nike cosmic unity the streets basketball players\" ><\/div>\n\t\t\t\t\t\t\t\t\t\t<div class=\"elementor-gallery-item__overlay\"><\/div>\n\t\t\t\t\t\t\t\t\t\t\t\t\t\t<\/a>\n\t\t\t\t\t<\/div>\n\t\t\t<\/div>\n\t\t\t\t<\/div>\n\t\t\t\t\t<\/div>\n\t\t<\/div>\n\t\t\t\t\t\t\t<\/div>\n\t\t<\/section>\n\t\t\t\t\t\t<\/div>\n\t\t\t\t\t<\/div>\n\t\t","protected":false},"excerpt":{"rendered":"<p>Nike Cosmic Unity sustainable initiative Designed from recycled trash, this shoe gives a player a little more out of the game and a little less of an impact on the planet. This is why we came up with our own initiative. For each Cosmic Unity shoe sold, we decided to collect 0.5 kg of rubbish&hellip; <a class=\"more-link\" href=\"https:\/\/www.recapofthestreets.eu\/index.php\/home\/stories\/nike-cosmic-unity\/\">Pokra\u010dova\u0165 v \u010d\u00edtan\u00ed <span class=\"screen-reader-text\">Nike Cosmic Unity<\/span><\/a><\/p>\n","protected":false},"author":1,"featured_media":0,"parent":81,"menu_order":0,"comment_status":"closed","ping_status":"closed","template":"elementor_header_footer","meta":{"footnotes":""},"class_list":["post-1350","page","type-page","status-publish","hentry","entry"],"_links":{"self":[{"href":"https:\/\/www.recapofthestreets.eu\/index.php\/wp-json\/wp\/v2\/pages\/1350","targetHints":{"allow":["GET"]}}],"collection":[{"href":"https:\/\/www.recapofthestreets.eu\/index.php\/wp-json\/wp\/v2\/pages"}],"about":[{"href":"https:\/\/www.recapofthestreets.eu\/index.php\/wp-json\/wp\/v2\/types\/page"}],"author":[{"embeddable":true,"href":"https:\/\/www.recapofthestreets.eu\/index.php\/wp-json\/wp\/v2\/users\/1"}],"replies":[{"embeddable":true,"href":"https:\/\/www.recapofthestreets.eu\/index.php\/wp-json\/wp\/v2\/comments?post=1350"}],"version-history":[{"count":19,"href":"https:\/\/www.recapofthestreets.eu\/index.php\/wp-json\/wp\/v2\/pages\/1350\/revisions"}],"predecessor-version":[{"id":3557,"href":"https:\/\/www.recapofthestreets.eu\/index.php\/wp-json\/wp\/v2\/pages\/1350\/revisions\/3557"}],"up":[{"embeddable":true,"href":"https:\/\/www.recapofthestreets.eu\/index.php\/wp-json\/wp\/v2\/pages\/81"}],"wp:attachment":[{"href":"https:\/\/www.recapofthestreets.eu\/index.php\/wp-json\/wp\/v2\/media?parent=1350"}],"curies":[{"name":"wp","href":"https:\/\/api.w.org\/{rel}","templated":true}]}}